{"id":929,"date":"2022-02-17T14:49:52","date_gmt":"2022-02-17T14:49:52","guid":{"rendered":"https:\/\/praia-do-canal-new.ms.decms.eu\/sitemap\/careers\/"},"modified":"2025-02-19T11:16:59","modified_gmt":"2025-02-19T11:16:59","slug":"carreiras","status":"publish","type":"page","link":"https:\/\/www.praiadocanal.pt\/pt-pt\/carreiras\/","title":{"rendered":"Carreiras"},"content":{"rendered":"<p>No Praia do Canal Nature Retreat acreditamos em reconhecer um rosto familiar, dar as boas-vindas e tratar cada um que encontramos da forma como gostar\u00edamos de ser tratados. Quer trabalhe connosco, fique connosco, viva connosco ou descubra connosco, acreditamos que o nosso prop\u00f3sito \u00e9 criar mem\u00f3rias que o acompanhar\u00e3o por toda a vida. Vem de nossa cren\u00e7a de que a vida \u00e9 mais rica quando nos conectamos verdadeiramente com as pessoas e o mundo ao nosso redor.<\/p>\n<p>Fa\u00e7a parte da nossa Equipa.<\/p>\n<p>&nbsp;<\/p>\n<p>&nbsp;<\/p>\n<p>&nbsp;<\/p>\n","protected":false},"excerpt":{"rendered":"<p>No Praia do Canal Nature Retreat acreditamos em reconhecer um rosto familiar, dar as boas-vindas e tratar cada um que encontramos da forma como gostar\u00edamos de ser tratados. Quer trabalhe connosco, fique connosco, viva connosco ou descubra connosco, acreditamos que o nosso prop\u00f3sito \u00e9 criar mem\u00f3rias que o acompanhar\u00e3o por toda a vida. Vem de [&hellip;]<\/p>\n","protected":false},"author":373,"featured_media":819,"parent":0,"menu_order":32,"comment_status":"closed","ping_status":"closed","template":"template-job.php","meta":{"footnotes":""},"class_list":["post-929","page","type-page","status-publish","has-post-thumbnail","hentry"],"yoast_head":"<!-- This site is optimized with the Yoast SEO plugin v26.9 - https:\/\/yoast.com\/product\/yoast-seo-wordpress\/ -->\n<title>Carreiras - Praia do Canal Nature Retreat -<\/title>\n<meta name=\"description\" content=\"No Praia do Canal Nature Retreat acreditamos em reconhecer um rosto familiar, dar as boas-vindas e tratar cada um que encontramos da forma como gostar\u00edamos de ser tratados. Quer trabalhe connosco, fique connosco, viva connosco ou descubra connosco, acreditamos que o nosso prop\u00f3sito \u00e9 criar mem\u00f3rias que o acompanhar\u00e3o por toda a vida\" \/>\n<meta name=\"robots\" content=\"index, follow, max-snippet:-1, max-image-preview:large, max-video-preview:-1\" \/>\n<link rel=\"canonical\" href=\"https:\/\/www.praiadocanal.pt\/pt-pt\/carreiras\/\" \/>\n<meta property=\"og:locale\" content=\"pt_PT\" \/>\n<meta property=\"og:type\" content=\"article\" \/>\n<meta property=\"og:title\" content=\"Carreiras - Praia do Canal Nature Retreat -\" \/>\n<meta property=\"og:description\" content=\"No Praia do Canal Nature Retreat acreditamos em reconhecer um rosto familiar, dar as boas-vindas e tratar cada um que encontramos da forma como gostar\u00edamos de ser tratados. Quer trabalhe connosco, fique connosco, viva connosco ou descubra connosco, acreditamos que o nosso prop\u00f3sito \u00e9 criar mem\u00f3rias que o acompanhar\u00e3o por toda a vida\" \/>\n<meta property=\"og:url\" content=\"https:\/\/www.praiadocanal.pt\/pt-pt\/carreiras\/\" \/>\n<meta property=\"og:site_name\" content=\"Praia do Canal Nature Retreat\" \/>\n<meta property=\"article:modified_time\" content=\"2025-02-19T11:16:59+00:00\" \/>\n<meta property=\"og:image\" content=\"https:\/\/www.praiadocanal.pt\/wp-content\/uploads\/sites\/560\/2023\/02\/praia-do-canal-hotel-reception.jpg\" \/>\n\t<meta property=\"og:image:width\" content=\"1779\" \/>\n\t<meta property=\"og:image:height\" content=\"1200\" \/>\n\t<meta property=\"og:image:type\" content=\"image\/jpeg\" \/>\n<meta name=\"twitter:card\" content=\"summary_large_image\" \/>\n<script type=\"application\/ld+json\" class=\"yoast-schema-graph\">{\"@context\":\"https:\/\/schema.org\",\"@graph\":[{\"@type\":\"WebPage\",\"@id\":\"https:\/\/www.praiadocanal.pt\/pt-pt\/carreiras\/\",\"url\":\"https:\/\/www.praiadocanal.pt\/pt-pt\/carreiras\/\",\"name\":\"Carreiras - Praia do Canal Nature Retreat -\",\"isPartOf\":{\"@id\":\"https:\/\/www.praiadocanal.pt\/pt-pt\/#website\"},\"primaryImageOfPage\":{\"@id\":\"https:\/\/www.praiadocanal.pt\/pt-pt\/carreiras\/#primaryimage\"},\"image\":{\"@id\":\"https:\/\/www.praiadocanal.pt\/pt-pt\/carreiras\/#primaryimage\"},\"thumbnailUrl\":\"https:\/\/www.praiadocanal.pt\/wp-content\/uploads\/sites\/560\/2023\/02\/praia-do-canal-hotel-reception.jpg\",\"datePublished\":\"2022-02-17T14:49:52+00:00\",\"dateModified\":\"2025-02-19T11:16:59+00:00\",\"description\":\"No Praia do Canal Nature Retreat acreditamos em reconhecer um rosto familiar, dar as boas-vindas e tratar cada um que encontramos da forma como gostar\u00edamos de ser tratados. Quer trabalhe connosco, fique connosco, viva connosco ou descubra connosco, acreditamos que o nosso prop\u00f3sito \u00e9 criar mem\u00f3rias que o acompanhar\u00e3o por toda a vida\",\"breadcrumb\":{\"@id\":\"https:\/\/www.praiadocanal.pt\/pt-pt\/carreiras\/#breadcrumb\"},\"inLanguage\":\"pt-PT\",\"potentialAction\":[{\"@type\":\"ReadAction\",\"target\":[\"https:\/\/www.praiadocanal.pt\/pt-pt\/carreiras\/\"]}]},{\"@type\":\"ImageObject\",\"inLanguage\":\"pt-PT\",\"@id\":\"https:\/\/www.praiadocanal.pt\/pt-pt\/carreiras\/#primaryimage\",\"url\":\"https:\/\/www.praiadocanal.pt\/wp-content\/uploads\/sites\/560\/2023\/02\/praia-do-canal-hotel-reception.jpg\",\"contentUrl\":\"https:\/\/www.praiadocanal.pt\/wp-content\/uploads\/sites\/560\/2023\/02\/praia-do-canal-hotel-reception.jpg\",\"width\":1779,\"height\":1200},{\"@type\":\"BreadcrumbList\",\"@id\":\"https:\/\/www.praiadocanal.pt\/pt-pt\/carreiras\/#breadcrumb\",\"itemListElement\":[{\"@type\":\"ListItem\",\"position\":1,\"name\":\"Home\",\"item\":\"https:\/\/www.praiadocanal.pt\/pt-pt\/\"},{\"@type\":\"ListItem\",\"position\":2,\"name\":\"Carreiras\"}]},{\"@type\":\"WebSite\",\"@id\":\"https:\/\/www.praiadocanal.pt\/pt-pt\/#website\",\"url\":\"https:\/\/www.praiadocanal.pt\/pt-pt\/\",\"name\":\"Praia Do Canal Nature Retreat\",\"description\":\"\",\"publisher\":{\"@id\":\"https:\/\/www.praiadocanal.pt\/pt-pt\/#organization\"},\"alternateName\":\"Praia Do Canal\",\"potentialAction\":[{\"@type\":\"SearchAction\",\"target\":{\"@type\":\"EntryPoint\",\"urlTemplate\":\"https:\/\/www.praiadocanal.pt\/pt-pt\/?s={search_term_string}\"},\"query-input\":{\"@type\":\"PropertyValueSpecification\",\"valueRequired\":true,\"valueName\":\"search_term_string\"}}],\"inLanguage\":\"pt-PT\"},{\"@type\":\"Organization\",\"@id\":\"https:\/\/www.praiadocanal.pt\/pt-pt\/#organization\",\"name\":\"Praia Do Canal Nature Retreat\",\"url\":\"https:\/\/www.praiadocanal.pt\/pt-pt\/\",\"logo\":{\"@type\":\"ImageObject\",\"inLanguage\":\"pt-PT\",\"@id\":\"https:\/\/www.praiadocanal.pt\/pt-pt\/#\/schema\/logo\/image\/\",\"url\":\"https:\/\/praia-do-canal-staging.ms.decms.eu\/wp-content\/uploads\/sites\/560\/2023\/05\/unnamed.gif\",\"contentUrl\":\"https:\/\/praia-do-canal-staging.ms.decms.eu\/wp-content\/uploads\/sites\/560\/2023\/05\/unnamed.gif\",\"width\":840,\"height\":840,\"caption\":\"Praia Do Canal Nature Retreat\"},\"image\":{\"@id\":\"https:\/\/www.praiadocanal.pt\/pt-pt\/#\/schema\/logo\/image\/\"}}]}<\/script>\n<!-- \/ Yoast SEO plugin. -->","yoast_head_json":{"title":"Carreiras - Praia do Canal Nature Retreat -","description":"No Praia do Canal Nature Retreat acreditamos em reconhecer um rosto familiar, dar as boas-vindas e tratar cada um que encontramos da forma como gostar\u00edamos de ser tratados. Quer trabalhe connosco, fique connosco, viva connosco ou descubra connosco, acreditamos que o nosso prop\u00f3sito \u00e9 criar mem\u00f3rias que o acompanhar\u00e3o por toda a vida","robots":{"index":"index","follow":"follow","max-snippet":"max-snippet:-1","max-image-preview":"max-image-preview:large","max-video-preview":"max-video-preview:-1"},"canonical":"https:\/\/www.praiadocanal.pt\/pt-pt\/carreiras\/","og_locale":"pt_PT","og_type":"article","og_title":"Carreiras - Praia do Canal Nature Retreat -","og_description":"No Praia do Canal Nature Retreat acreditamos em reconhecer um rosto familiar, dar as boas-vindas e tratar cada um que encontramos da forma como gostar\u00edamos de ser tratados. Quer trabalhe connosco, fique connosco, viva connosco ou descubra connosco, acreditamos que o nosso prop\u00f3sito \u00e9 criar mem\u00f3rias que o acompanhar\u00e3o por toda a vida","og_url":"https:\/\/www.praiadocanal.pt\/pt-pt\/carreiras\/","og_site_name":"Praia do Canal Nature Retreat","article_modified_time":"2025-02-19T11:16:59+00:00","og_image":[{"width":1779,"height":1200,"url":"https:\/\/www.praiadocanal.pt\/wp-content\/uploads\/sites\/560\/2023\/02\/praia-do-canal-hotel-reception.jpg","type":"image\/jpeg"}],"twitter_card":"summary_large_image","schema":{"@context":"https:\/\/schema.org","@graph":[{"@type":"WebPage","@id":"https:\/\/www.praiadocanal.pt\/pt-pt\/carreiras\/","url":"https:\/\/www.praiadocanal.pt\/pt-pt\/carreiras\/","name":"Carreiras - Praia do Canal Nature Retreat -","isPartOf":{"@id":"https:\/\/www.praiadocanal.pt\/pt-pt\/#website"},"primaryImageOfPage":{"@id":"https:\/\/www.praiadocanal.pt\/pt-pt\/carreiras\/#primaryimage"},"image":{"@id":"https:\/\/www.praiadocanal.pt\/pt-pt\/carreiras\/#primaryimage"},"thumbnailUrl":"https:\/\/www.praiadocanal.pt\/wp-content\/uploads\/sites\/560\/2023\/02\/praia-do-canal-hotel-reception.jpg","datePublished":"2022-02-17T14:49:52+00:00","dateModified":"2025-02-19T11:16:59+00:00","description":"No Praia do Canal Nature Retreat acreditamos em reconhecer um rosto familiar, dar as boas-vindas e tratar cada um que encontramos da forma como gostar\u00edamos de ser tratados. Quer trabalhe connosco, fique connosco, viva connosco ou descubra connosco, acreditamos que o nosso prop\u00f3sito \u00e9 criar mem\u00f3rias que o acompanhar\u00e3o por toda a vida","breadcrumb":{"@id":"https:\/\/www.praiadocanal.pt\/pt-pt\/carreiras\/#breadcrumb"},"inLanguage":"pt-PT","potentialAction":[{"@type":"ReadAction","target":["https:\/\/www.praiadocanal.pt\/pt-pt\/carreiras\/"]}]},{"@type":"ImageObject","inLanguage":"pt-PT","@id":"https:\/\/www.praiadocanal.pt\/pt-pt\/carreiras\/#primaryimage","url":"https:\/\/www.praiadocanal.pt\/wp-content\/uploads\/sites\/560\/2023\/02\/praia-do-canal-hotel-reception.jpg","contentUrl":"https:\/\/www.praiadocanal.pt\/wp-content\/uploads\/sites\/560\/2023\/02\/praia-do-canal-hotel-reception.jpg","width":1779,"height":1200},{"@type":"BreadcrumbList","@id":"https:\/\/www.praiadocanal.pt\/pt-pt\/carreiras\/#breadcrumb","itemListElement":[{"@type":"ListItem","position":1,"name":"Home","item":"https:\/\/www.praiadocanal.pt\/pt-pt\/"},{"@type":"ListItem","position":2,"name":"Carreiras"}]},{"@type":"WebSite","@id":"https:\/\/www.praiadocanal.pt\/pt-pt\/#website","url":"https:\/\/www.praiadocanal.pt\/pt-pt\/","name":"Praia Do Canal Nature Retreat","description":"","publisher":{"@id":"https:\/\/www.praiadocanal.pt\/pt-pt\/#organization"},"alternateName":"Praia Do Canal","potentialAction":[{"@type":"SearchAction","target":{"@type":"EntryPoint","urlTemplate":"https:\/\/www.praiadocanal.pt\/pt-pt\/?s={search_term_string}"},"query-input":{"@type":"PropertyValueSpecification","valueRequired":true,"valueName":"search_term_string"}}],"inLanguage":"pt-PT"},{"@type":"Organization","@id":"https:\/\/www.praiadocanal.pt\/pt-pt\/#organization","name":"Praia Do Canal Nature Retreat","url":"https:\/\/www.praiadocanal.pt\/pt-pt\/","logo":{"@type":"ImageObject","inLanguage":"pt-PT","@id":"https:\/\/www.praiadocanal.pt\/pt-pt\/#\/schema\/logo\/image\/","url":"https:\/\/praia-do-canal-staging.ms.decms.eu\/wp-content\/uploads\/sites\/560\/2023\/05\/unnamed.gif","contentUrl":"https:\/\/praia-do-canal-staging.ms.decms.eu\/wp-content\/uploads\/sites\/560\/2023\/05\/unnamed.gif","width":840,"height":840,"caption":"Praia Do Canal Nature Retreat"},"image":{"@id":"https:\/\/www.praiadocanal.pt\/pt-pt\/#\/schema\/logo\/image\/"}}]}},"acf":[],"_links":{"self":[{"href":"https:\/\/www.praiadocanal.pt\/pt-pt\/wp-json\/wp\/v2\/pages\/929","targetHints":{"allow":["GET"]}}],"collection":[{"href":"https:\/\/www.praiadocanal.pt\/pt-pt\/wp-json\/wp\/v2\/pages"}],"about":[{"href":"https:\/\/www.praiadocanal.pt\/pt-pt\/wp-json\/wp\/v2\/types\/page"}],"author":[{"embeddable":true,"href":"https:\/\/www.praiadocanal.pt\/pt-pt\/wp-json\/wp\/v2\/users\/373"}],"replies":[{"embeddable":true,"href":"https:\/\/www.praiadocanal.pt\/pt-pt\/wp-json\/wp\/v2\/comments?post=929"}],"version-history":[{"count":0,"href":"https:\/\/www.praiadocanal.pt\/pt-pt\/wp-json\/wp\/v2\/pages\/929\/revisions"}],"wp:featuredmedia":[{"embeddable":true,"href":"https:\/\/www.praiadocanal.pt\/pt-pt\/wp-json\/wp\/v2\/media\/819"}],"wp:attachment":[{"href":"https:\/\/www.praiadocanal.pt\/pt-pt\/wp-json\/wp\/v2\/media?parent=929"}],"curies":[{"name":"wp","href":"https:\/\/api.w.org\/{rel}","templated":true}]}}