{"id":872,"date":"2023-02-03T16:25:25","date_gmt":"2023-02-03T16:25:25","guid":{"rendered":"https:\/\/praia-do-canal-new.ms.decms.eu\/nature-reserve-2\/"},"modified":"2023-09-15T11:57:02","modified_gmt":"2023-09-15T11:57:02","slug":"reserva-natural","status":"publish","type":"page","link":"https:\/\/www.praiadocanal.pt\/pt-pt\/reserva-natural\/","title":{"rendered":"Reserva Natural"},"content":{"rendered":"<p style=\"text-align: left\">No cora\u00e7\u00e3o de uma reserva natural, Praia do Canal Nature Retreat integrou-se com sensibilidade na sua envolvente, permitindo aos h\u00f3spedes uma imers\u00e3o total na cultura local com o maior respeito pelo ambiente. Nascidas de destinos de outro mundo, as nossas marcas de estilo de vida seguem o mesmo ethos de cuidar das pessoas e do planeta.<\/p>\n<p>Com a nossa arquitetura e design minimalista, fazemos quest\u00e3o de nos conectar com o ambiente, tanto quanto poss\u00edvel, removendo as barreiras entre o mundo interior e exterior. Exemplificando um modelo inspirador de turismo comunit\u00e1rio de alto n\u00edvel com baixo impacto e as cren\u00e7as de desenvolvimento sustent\u00e1vel.<\/p>\n","protected":false},"excerpt":{"rendered":"<p>No cora\u00e7\u00e3o de uma reserva natural, Praia do Canal Nature Retreat integrou-se com sensibilidade na sua envolvente, permitindo aos h\u00f3spedes uma imers\u00e3o total na cultura local com o maior respeito pelo ambiente. Nascidas de destinos de outro mundo, as nossas marcas de estilo de vida seguem o mesmo ethos de cuidar das pessoas e do [&hellip;]<\/p>\n","protected":false},"author":442,"featured_media":776,"parent":0,"menu_order":27,"comment_status":"closed","ping_status":"closed","template":"template-experiences.php","meta":{"footnotes":""},"class_list":["post-872","page","type-page","status-publish","has-post-thumbnail","hentry"],"yoast_head":"<!-- This site is optimized with the Yoast SEO plugin v26.9 - https:\/\/yoast.com\/product\/yoast-seo-wordpress\/ -->\n<title>Reserva Natural - Praia do Canal Nature Retreat -<\/title>\n<meta name=\"description\" content=\"No cora\u00e7\u00e3o de uma reserva natural, Praia do Canal Nature Retreat integrou-se com sensibilidade na sua envolvente, permitindo aos h\u00f3spedes uma imers\u00e3o total na cultura local com o maior respeito pelo ambiente. Nascidas de destinos de outro mundo, as nossas marcas de estilo de vida seguem o mesmo ethos de cuidar das pessoas e do planeta. Com a nossa arquitetura e design minimalista, fazemos quest\u00e3o de nos conectar com o ambiente, tanto quanto poss\u00edvel, removendo as barreiras entre o mundo interior e exterior\" \/>\n<meta name=\"robots\" content=\"index, follow, max-snippet:-1, max-image-preview:large, max-video-preview:-1\" \/>\n<link rel=\"canonical\" href=\"https:\/\/www.praiadocanal.pt\/pt-pt\/reserva-natural\/\" \/>\n<meta property=\"og:locale\" content=\"pt_PT\" \/>\n<meta property=\"og:type\" content=\"article\" \/>\n<meta property=\"og:title\" content=\"Reserva Natural - Praia do Canal Nature Retreat -\" \/>\n<meta property=\"og:description\" content=\"No cora\u00e7\u00e3o de uma reserva natural, Praia do Canal Nature Retreat integrou-se com sensibilidade na sua envolvente, permitindo aos h\u00f3spedes uma imers\u00e3o total na cultura local com o maior respeito pelo ambiente. Nascidas de destinos de outro mundo, as nossas marcas de estilo de vida seguem o mesmo ethos de cuidar das pessoas e do planeta. Com a nossa arquitetura e design minimalista, fazemos quest\u00e3o de nos conectar com o ambiente, tanto quanto poss\u00edvel, removendo as barreiras entre o mundo interior e exterior\" \/>\n<meta property=\"og:url\" content=\"https:\/\/www.praiadocanal.pt\/pt-pt\/reserva-natural\/\" \/>\n<meta property=\"og:site_name\" content=\"Praia do Canal Nature Retreat\" \/>\n<meta property=\"article:modified_time\" content=\"2023-09-15T11:57:02+00:00\" \/>\n<meta property=\"og:image\" content=\"https:\/\/www.praiadocanal.pt\/wp-content\/uploads\/sites\/560\/2023\/02\/praia-do-canal-nature-resort-nature-reserve-trees.jpg\" \/>\n\t<meta property=\"og:image:width\" content=\"800\" \/>\n\t<meta property=\"og:image:height\" content=\"1200\" \/>\n\t<meta property=\"og:image:type\" content=\"image\/jpeg\" \/>\n<meta name=\"twitter:card\" content=\"summary_large_image\" \/>\n<meta name=\"twitter:label1\" content=\"Est. reading time\" \/>\n\t<meta name=\"twitter:data1\" content=\"1 minuto\" \/>\n<script type=\"application\/ld+json\" class=\"yoast-schema-graph\">{\"@context\":\"https:\/\/schema.org\",\"@graph\":[{\"@type\":\"WebPage\",\"@id\":\"https:\/\/www.praiadocanal.pt\/pt-pt\/reserva-natural\/\",\"url\":\"https:\/\/www.praiadocanal.pt\/pt-pt\/reserva-natural\/\",\"name\":\"Reserva Natural - Praia do Canal Nature Retreat -\",\"isPartOf\":{\"@id\":\"https:\/\/www.praiadocanal.pt\/pt-pt\/#website\"},\"primaryImageOfPage\":{\"@id\":\"https:\/\/www.praiadocanal.pt\/pt-pt\/reserva-natural\/#primaryimage\"},\"image\":{\"@id\":\"https:\/\/www.praiadocanal.pt\/pt-pt\/reserva-natural\/#primaryimage\"},\"thumbnailUrl\":\"https:\/\/www.praiadocanal.pt\/wp-content\/uploads\/sites\/560\/2023\/02\/praia-do-canal-nature-resort-nature-reserve-trees.jpg\",\"datePublished\":\"2023-02-03T16:25:25+00:00\",\"dateModified\":\"2023-09-15T11:57:02+00:00\",\"description\":\"No cora\u00e7\u00e3o de uma reserva natural, Praia do Canal Nature Retreat integrou-se com sensibilidade na sua envolvente, permitindo aos h\u00f3spedes uma imers\u00e3o total na cultura local com o maior respeito pelo ambiente. Nascidas de destinos de outro mundo, as nossas marcas de estilo de vida seguem o mesmo ethos de cuidar das pessoas e do planeta. Com a nossa arquitetura e design minimalista, fazemos quest\u00e3o de nos conectar com o ambiente, tanto quanto poss\u00edvel, removendo as barreiras entre o mundo interior e exterior\",\"breadcrumb\":{\"@id\":\"https:\/\/www.praiadocanal.pt\/pt-pt\/reserva-natural\/#breadcrumb\"},\"inLanguage\":\"pt-PT\",\"potentialAction\":[{\"@type\":\"ReadAction\",\"target\":[\"https:\/\/www.praiadocanal.pt\/pt-pt\/reserva-natural\/\"]}]},{\"@type\":\"ImageObject\",\"inLanguage\":\"pt-PT\",\"@id\":\"https:\/\/www.praiadocanal.pt\/pt-pt\/reserva-natural\/#primaryimage\",\"url\":\"https:\/\/www.praiadocanal.pt\/wp-content\/uploads\/sites\/560\/2023\/02\/praia-do-canal-nature-resort-nature-reserve-trees.jpg\",\"contentUrl\":\"https:\/\/www.praiadocanal.pt\/wp-content\/uploads\/sites\/560\/2023\/02\/praia-do-canal-nature-resort-nature-reserve-trees.jpg\",\"width\":800,\"height\":1200},{\"@type\":\"BreadcrumbList\",\"@id\":\"https:\/\/www.praiadocanal.pt\/pt-pt\/reserva-natural\/#breadcrumb\",\"itemListElement\":[{\"@type\":\"ListItem\",\"position\":1,\"name\":\"Home\",\"item\":\"https:\/\/www.praiadocanal.pt\/pt-pt\/\"},{\"@type\":\"ListItem\",\"position\":2,\"name\":\"Reserva Natural\"}]},{\"@type\":\"WebSite\",\"@id\":\"https:\/\/www.praiadocanal.pt\/pt-pt\/#website\",\"url\":\"https:\/\/www.praiadocanal.pt\/pt-pt\/\",\"name\":\"Praia Do Canal Nature Retreat\",\"description\":\"\",\"publisher\":{\"@id\":\"https:\/\/www.praiadocanal.pt\/pt-pt\/#organization\"},\"alternateName\":\"Praia Do Canal\",\"potentialAction\":[{\"@type\":\"SearchAction\",\"target\":{\"@type\":\"EntryPoint\",\"urlTemplate\":\"https:\/\/www.praiadocanal.pt\/pt-pt\/?s={search_term_string}\"},\"query-input\":{\"@type\":\"PropertyValueSpecification\",\"valueRequired\":true,\"valueName\":\"search_term_string\"}}],\"inLanguage\":\"pt-PT\"},{\"@type\":\"Organization\",\"@id\":\"https:\/\/www.praiadocanal.pt\/pt-pt\/#organization\",\"name\":\"Praia Do Canal Nature Retreat\",\"url\":\"https:\/\/www.praiadocanal.pt\/pt-pt\/\",\"logo\":{\"@type\":\"ImageObject\",\"inLanguage\":\"pt-PT\",\"@id\":\"https:\/\/www.praiadocanal.pt\/pt-pt\/#\/schema\/logo\/image\/\",\"url\":\"https:\/\/praia-do-canal-staging.ms.decms.eu\/wp-content\/uploads\/sites\/560\/2023\/05\/unnamed.gif\",\"contentUrl\":\"https:\/\/praia-do-canal-staging.ms.decms.eu\/wp-content\/uploads\/sites\/560\/2023\/05\/unnamed.gif\",\"width\":840,\"height\":840,\"caption\":\"Praia Do Canal Nature Retreat\"},\"image\":{\"@id\":\"https:\/\/www.praiadocanal.pt\/pt-pt\/#\/schema\/logo\/image\/\"}}]}<\/script>\n<!-- \/ Yoast SEO plugin. -->","yoast_head_json":{"title":"Reserva Natural - Praia do Canal Nature Retreat -","description":"No cora\u00e7\u00e3o de uma reserva natural, Praia do Canal Nature Retreat integrou-se com sensibilidade na sua envolvente, permitindo aos h\u00f3spedes uma imers\u00e3o total na cultura local com o maior respeito pelo ambiente. Nascidas de destinos de outro mundo, as nossas marcas de estilo de vida seguem o mesmo ethos de cuidar das pessoas e do planeta. Com a nossa arquitetura e design minimalista, fazemos quest\u00e3o de nos conectar com o ambiente, tanto quanto poss\u00edvel, removendo as barreiras entre o mundo interior e exterior","robots":{"index":"index","follow":"follow","max-snippet":"max-snippet:-1","max-image-preview":"max-image-preview:large","max-video-preview":"max-video-preview:-1"},"canonical":"https:\/\/www.praiadocanal.pt\/pt-pt\/reserva-natural\/","og_locale":"pt_PT","og_type":"article","og_title":"Reserva Natural - Praia do Canal Nature Retreat -","og_description":"No cora\u00e7\u00e3o de uma reserva natural, Praia do Canal Nature Retreat integrou-se com sensibilidade na sua envolvente, permitindo aos h\u00f3spedes uma imers\u00e3o total na cultura local com o maior respeito pelo ambiente. Nascidas de destinos de outro mundo, as nossas marcas de estilo de vida seguem o mesmo ethos de cuidar das pessoas e do planeta. Com a nossa arquitetura e design minimalista, fazemos quest\u00e3o de nos conectar com o ambiente, tanto quanto poss\u00edvel, removendo as barreiras entre o mundo interior e exterior","og_url":"https:\/\/www.praiadocanal.pt\/pt-pt\/reserva-natural\/","og_site_name":"Praia do Canal Nature Retreat","article_modified_time":"2023-09-15T11:57:02+00:00","og_image":[{"width":800,"height":1200,"url":"https:\/\/www.praiadocanal.pt\/wp-content\/uploads\/sites\/560\/2023\/02\/praia-do-canal-nature-resort-nature-reserve-trees.jpg","type":"image\/jpeg"}],"twitter_card":"summary_large_image","twitter_misc":{"Est. reading time":"1 minuto"},"schema":{"@context":"https:\/\/schema.org","@graph":[{"@type":"WebPage","@id":"https:\/\/www.praiadocanal.pt\/pt-pt\/reserva-natural\/","url":"https:\/\/www.praiadocanal.pt\/pt-pt\/reserva-natural\/","name":"Reserva Natural - Praia do Canal Nature Retreat -","isPartOf":{"@id":"https:\/\/www.praiadocanal.pt\/pt-pt\/#website"},"primaryImageOfPage":{"@id":"https:\/\/www.praiadocanal.pt\/pt-pt\/reserva-natural\/#primaryimage"},"image":{"@id":"https:\/\/www.praiadocanal.pt\/pt-pt\/reserva-natural\/#primaryimage"},"thumbnailUrl":"https:\/\/www.praiadocanal.pt\/wp-content\/uploads\/sites\/560\/2023\/02\/praia-do-canal-nature-resort-nature-reserve-trees.jpg","datePublished":"2023-02-03T16:25:25+00:00","dateModified":"2023-09-15T11:57:02+00:00","description":"No cora\u00e7\u00e3o de uma reserva natural, Praia do Canal Nature Retreat integrou-se com sensibilidade na sua envolvente, permitindo aos h\u00f3spedes uma imers\u00e3o total na cultura local com o maior respeito pelo ambiente. Nascidas de destinos de outro mundo, as nossas marcas de estilo de vida seguem o mesmo ethos de cuidar das pessoas e do planeta. Com a nossa arquitetura e design minimalista, fazemos quest\u00e3o de nos conectar com o ambiente, tanto quanto poss\u00edvel, removendo as barreiras entre o mundo interior e exterior","breadcrumb":{"@id":"https:\/\/www.praiadocanal.pt\/pt-pt\/reserva-natural\/#breadcrumb"},"inLanguage":"pt-PT","potentialAction":[{"@type":"ReadAction","target":["https:\/\/www.praiadocanal.pt\/pt-pt\/reserva-natural\/"]}]},{"@type":"ImageObject","inLanguage":"pt-PT","@id":"https:\/\/www.praiadocanal.pt\/pt-pt\/reserva-natural\/#primaryimage","url":"https:\/\/www.praiadocanal.pt\/wp-content\/uploads\/sites\/560\/2023\/02\/praia-do-canal-nature-resort-nature-reserve-trees.jpg","contentUrl":"https:\/\/www.praiadocanal.pt\/wp-content\/uploads\/sites\/560\/2023\/02\/praia-do-canal-nature-resort-nature-reserve-trees.jpg","width":800,"height":1200},{"@type":"BreadcrumbList","@id":"https:\/\/www.praiadocanal.pt\/pt-pt\/reserva-natural\/#breadcrumb","itemListElement":[{"@type":"ListItem","position":1,"name":"Home","item":"https:\/\/www.praiadocanal.pt\/pt-pt\/"},{"@type":"ListItem","position":2,"name":"Reserva Natural"}]},{"@type":"WebSite","@id":"https:\/\/www.praiadocanal.pt\/pt-pt\/#website","url":"https:\/\/www.praiadocanal.pt\/pt-pt\/","name":"Praia Do Canal Nature Retreat","description":"","publisher":{"@id":"https:\/\/www.praiadocanal.pt\/pt-pt\/#organization"},"alternateName":"Praia Do Canal","potentialAction":[{"@type":"SearchAction","target":{"@type":"EntryPoint","urlTemplate":"https:\/\/www.praiadocanal.pt\/pt-pt\/?s={search_term_string}"},"query-input":{"@type":"PropertyValueSpecification","valueRequired":true,"valueName":"search_term_string"}}],"inLanguage":"pt-PT"},{"@type":"Organization","@id":"https:\/\/www.praiadocanal.pt\/pt-pt\/#organization","name":"Praia Do Canal Nature Retreat","url":"https:\/\/www.praiadocanal.pt\/pt-pt\/","logo":{"@type":"ImageObject","inLanguage":"pt-PT","@id":"https:\/\/www.praiadocanal.pt\/pt-pt\/#\/schema\/logo\/image\/","url":"https:\/\/praia-do-canal-staging.ms.decms.eu\/wp-content\/uploads\/sites\/560\/2023\/05\/unnamed.gif","contentUrl":"https:\/\/praia-do-canal-staging.ms.decms.eu\/wp-content\/uploads\/sites\/560\/2023\/05\/unnamed.gif","width":840,"height":840,"caption":"Praia Do Canal Nature Retreat"},"image":{"@id":"https:\/\/www.praiadocanal.pt\/pt-pt\/#\/schema\/logo\/image\/"}}]}},"acf":[],"_links":{"self":[{"href":"https:\/\/www.praiadocanal.pt\/pt-pt\/wp-json\/wp\/v2\/pages\/872","targetHints":{"allow":["GET"]}}],"collection":[{"href":"https:\/\/www.praiadocanal.pt\/pt-pt\/wp-json\/wp\/v2\/pages"}],"about":[{"href":"https:\/\/www.praiadocanal.pt\/pt-pt\/wp-json\/wp\/v2\/types\/page"}],"author":[{"embeddable":true,"href":"https:\/\/www.praiadocanal.pt\/pt-pt\/wp-json\/wp\/v2\/users\/442"}],"replies":[{"embeddable":true,"href":"https:\/\/www.praiadocanal.pt\/pt-pt\/wp-json\/wp\/v2\/comments?post=872"}],"version-history":[{"count":0,"href":"https:\/\/www.praiadocanal.pt\/pt-pt\/wp-json\/wp\/v2\/pages\/872\/revisions"}],"wp:featuredmedia":[{"embeddable":true,"href":"https:\/\/www.praiadocanal.pt\/pt-pt\/wp-json\/wp\/v2\/media\/776"}],"wp:attachment":[{"href":"https:\/\/www.praiadocanal.pt\/pt-pt\/wp-json\/wp\/v2\/media?parent=872"}],"curies":[{"name":"wp","href":"https:\/\/api.w.org\/{rel}","templated":true}]}}