{"id":868,"date":"2021-03-24T12:53:28","date_gmt":"2021-03-24T12:53:28","guid":{"rendered":"https:\/\/praia-do-canal-new.ms.decms.eu\/accomodation-2\/"},"modified":"2025-02-24T13:08:15","modified_gmt":"2025-02-24T13:08:15","slug":"alojamento","status":"publish","type":"page","link":"https:\/\/www.praiadocanal.pt\/pt-pt\/alojamento\/","title":{"rendered":"Alojamento"},"content":{"rendered":"<p style=\"text-align: center\">Com uma est\u00e9tica minimalista, inspirado nos tons quentes da fal\u00e9sia da costa Vicentina, o hotel oferece 56 alojamentos &#8211; entre quartos premium e suites &#8211; constitu\u00eddo por unidades de dois pisos com acesso direto ao jardim ou varanda com espregui\u00e7adeiras e guarda-s\u00f3is. As suites incluem terra\u00e7os, banheiras e duches exteriores.<\/p>\n<p style=\"text-align: center\">O mobili\u00e1rio portugu\u00eas, as madeiras e os m\u00e1rmores naturais est\u00e3o presentes na decora\u00e7\u00e3o.<\/p>\n<p style=\"text-align: center\">Todos os quartos e suites tem vistas panor\u00e2micas sobre o vale para o Oceano Atl\u00e2ntico.<\/p>\n","protected":false},"excerpt":{"rendered":"<p>Com uma est\u00e9tica minimalista, inspirado nos tons quentes da fal\u00e9sia da costa Vicentina, o hotel oferece 56 alojamentos &#8211; entre quartos premium e suites &#8211; constitu\u00eddo por unidades de dois pisos com acesso direto ao jardim ou varanda com espregui\u00e7adeiras e guarda-s\u00f3is. As suites incluem terra\u00e7os, banheiras e duches exteriores. O mobili\u00e1rio portugu\u00eas, as madeiras [&hellip;]<\/p>\n","protected":false},"author":6,"featured_media":0,"parent":0,"menu_order":1,"comment_status":"closed","ping_status":"closed","template":"template-stay.php","meta":{"footnotes":""},"class_list":["post-868","page","type-page","status-publish","hentry"],"yoast_head":"<!-- This site is optimized with the Yoast SEO plugin v26.9 - https:\/\/yoast.com\/product\/yoast-seo-wordpress\/ -->\n<title>Alojamento - Praia do Canal Nature Retreat -<\/title>\n<meta name=\"description\" content=\"Com uma est\u00e9tica minimalista, inspirado nos tons quentes da fal\u00e9sia da costa Vicentina, o hotel oferece 56 alojamentos - entre quartos premium e suites - constitu\u00eddo por unidades de dois pisos com acesso direto ao jardim ou varanda com espregui\u00e7adeiras e guarda-s\u00f3is. As suites incluem terra\u00e7os, banheiras e duches exteriores. O mobili\u00e1rio portugu\u00eas, as madeiras e os m\u00e1rmores naturais est\u00e3o presentes na decora\u00e7\u00e3o. Todos os quartos e suites tem vistas panor\u00e2micas sobre o vale para o Oceano Atl\u00e2ntico.\" \/>\n<meta name=\"robots\" content=\"index, follow, max-snippet:-1, max-image-preview:large, max-video-preview:-1\" \/>\n<link rel=\"canonical\" href=\"https:\/\/www.praiadocanal.pt\/pt-pt\/alojamento\/\" \/>\n<meta property=\"og:locale\" content=\"pt_PT\" \/>\n<meta property=\"og:type\" content=\"article\" \/>\n<meta property=\"og:title\" content=\"Alojamento - Praia do Canal Nature Retreat -\" \/>\n<meta property=\"og:description\" content=\"Com uma est\u00e9tica minimalista, inspirado nos tons quentes da fal\u00e9sia da costa Vicentina, o hotel oferece 56 alojamentos - entre quartos premium e suites - constitu\u00eddo por unidades de dois pisos com acesso direto ao jardim ou varanda com espregui\u00e7adeiras e guarda-s\u00f3is. As suites incluem terra\u00e7os, banheiras e duches exteriores. O mobili\u00e1rio portugu\u00eas, as madeiras e os m\u00e1rmores naturais est\u00e3o presentes na decora\u00e7\u00e3o. Todos os quartos e suites tem vistas panor\u00e2micas sobre o vale para o Oceano Atl\u00e2ntico.\" \/>\n<meta property=\"og:url\" content=\"https:\/\/www.praiadocanal.pt\/pt-pt\/alojamento\/\" \/>\n<meta property=\"og:site_name\" content=\"Praia do Canal Nature Retreat\" \/>\n<meta property=\"article:modified_time\" content=\"2025-02-24T13:08:15+00:00\" \/>\n<meta property=\"og:image\" content=\"https:\/\/www.praiadocanal.pt\/wp-content\/uploads\/sites\/560\/2023\/02\/praia-do-canal-poolside.jpg\" \/>\n\t<meta property=\"og:image:width\" content=\"1800\" \/>\n\t<meta property=\"og:image:height\" content=\"1200\" \/>\n\t<meta property=\"og:image:type\" content=\"image\/jpeg\" \/>\n<meta name=\"twitter:card\" content=\"summary_large_image\" \/>\n<meta name=\"twitter:label1\" content=\"Est. reading time\" \/>\n\t<meta name=\"twitter:data1\" content=\"1 minuto\" \/>\n<script type=\"application\/ld+json\" class=\"yoast-schema-graph\">{\"@context\":\"https:\/\/schema.org\",\"@graph\":[{\"@type\":\"WebPage\",\"@id\":\"https:\/\/www.praiadocanal.pt\/pt-pt\/alojamento\/\",\"url\":\"https:\/\/www.praiadocanal.pt\/pt-pt\/alojamento\/\",\"name\":\"Alojamento - Praia do Canal Nature Retreat -\",\"isPartOf\":{\"@id\":\"https:\/\/www.praiadocanal.pt\/pt-pt\/#website\"},\"datePublished\":\"2021-03-24T12:53:28+00:00\",\"dateModified\":\"2025-02-24T13:08:15+00:00\",\"description\":\"Com uma est\u00e9tica minimalista, inspirado nos tons quentes da fal\u00e9sia da costa Vicentina, o hotel oferece 56 alojamentos - entre quartos premium e suites - constitu\u00eddo por unidades de dois pisos com acesso direto ao jardim ou varanda com espregui\u00e7adeiras e guarda-s\u00f3is. As suites incluem terra\u00e7os, banheiras e duches exteriores. O mobili\u00e1rio portugu\u00eas, as madeiras e os m\u00e1rmores naturais est\u00e3o presentes na decora\u00e7\u00e3o. Todos os quartos e suites tem vistas panor\u00e2micas sobre o vale para o Oceano Atl\u00e2ntico.\",\"breadcrumb\":{\"@id\":\"https:\/\/www.praiadocanal.pt\/pt-pt\/alojamento\/#breadcrumb\"},\"inLanguage\":\"pt-PT\",\"potentialAction\":[{\"@type\":\"ReadAction\",\"target\":[\"https:\/\/www.praiadocanal.pt\/pt-pt\/alojamento\/\"]}]},{\"@type\":\"BreadcrumbList\",\"@id\":\"https:\/\/www.praiadocanal.pt\/pt-pt\/alojamento\/#breadcrumb\",\"itemListElement\":[{\"@type\":\"ListItem\",\"position\":1,\"name\":\"Home\",\"item\":\"https:\/\/www.praiadocanal.pt\/pt-pt\/\"},{\"@type\":\"ListItem\",\"position\":2,\"name\":\"Alojamento\"}]},{\"@type\":\"WebSite\",\"@id\":\"https:\/\/www.praiadocanal.pt\/pt-pt\/#website\",\"url\":\"https:\/\/www.praiadocanal.pt\/pt-pt\/\",\"name\":\"Praia Do Canal Nature Retreat\",\"description\":\"\",\"publisher\":{\"@id\":\"https:\/\/www.praiadocanal.pt\/pt-pt\/#organization\"},\"alternateName\":\"Praia Do Canal\",\"potentialAction\":[{\"@type\":\"SearchAction\",\"target\":{\"@type\":\"EntryPoint\",\"urlTemplate\":\"https:\/\/www.praiadocanal.pt\/pt-pt\/?s={search_term_string}\"},\"query-input\":{\"@type\":\"PropertyValueSpecification\",\"valueRequired\":true,\"valueName\":\"search_term_string\"}}],\"inLanguage\":\"pt-PT\"},{\"@type\":\"Organization\",\"@id\":\"https:\/\/www.praiadocanal.pt\/pt-pt\/#organization\",\"name\":\"Praia Do Canal Nature Retreat\",\"url\":\"https:\/\/www.praiadocanal.pt\/pt-pt\/\",\"logo\":{\"@type\":\"ImageObject\",\"inLanguage\":\"pt-PT\",\"@id\":\"https:\/\/www.praiadocanal.pt\/pt-pt\/#\/schema\/logo\/image\/\",\"url\":\"https:\/\/praia-do-canal-staging.ms.decms.eu\/wp-content\/uploads\/sites\/560\/2023\/05\/unnamed.gif\",\"contentUrl\":\"https:\/\/praia-do-canal-staging.ms.decms.eu\/wp-content\/uploads\/sites\/560\/2023\/05\/unnamed.gif\",\"width\":840,\"height\":840,\"caption\":\"Praia Do Canal Nature Retreat\"},\"image\":{\"@id\":\"https:\/\/www.praiadocanal.pt\/pt-pt\/#\/schema\/logo\/image\/\"}}]}<\/script>\n<!-- \/ Yoast SEO plugin. -->","yoast_head_json":{"title":"Alojamento - Praia do Canal Nature Retreat -","description":"Com uma est\u00e9tica minimalista, inspirado nos tons quentes da fal\u00e9sia da costa Vicentina, o hotel oferece 56 alojamentos - entre quartos premium e suites - constitu\u00eddo por unidades de dois pisos com acesso direto ao jardim ou varanda com espregui\u00e7adeiras e guarda-s\u00f3is. As suites incluem terra\u00e7os, banheiras e duches exteriores. O mobili\u00e1rio portugu\u00eas, as madeiras e os m\u00e1rmores naturais est\u00e3o presentes na decora\u00e7\u00e3o. Todos os quartos e suites tem vistas panor\u00e2micas sobre o vale para o Oceano Atl\u00e2ntico.","robots":{"index":"index","follow":"follow","max-snippet":"max-snippet:-1","max-image-preview":"max-image-preview:large","max-video-preview":"max-video-preview:-1"},"canonical":"https:\/\/www.praiadocanal.pt\/pt-pt\/alojamento\/","og_locale":"pt_PT","og_type":"article","og_title":"Alojamento - Praia do Canal Nature Retreat -","og_description":"Com uma est\u00e9tica minimalista, inspirado nos tons quentes da fal\u00e9sia da costa Vicentina, o hotel oferece 56 alojamentos - entre quartos premium e suites - constitu\u00eddo por unidades de dois pisos com acesso direto ao jardim ou varanda com espregui\u00e7adeiras e guarda-s\u00f3is. As suites incluem terra\u00e7os, banheiras e duches exteriores. O mobili\u00e1rio portugu\u00eas, as madeiras e os m\u00e1rmores naturais est\u00e3o presentes na decora\u00e7\u00e3o. Todos os quartos e suites tem vistas panor\u00e2micas sobre o vale para o Oceano Atl\u00e2ntico.","og_url":"https:\/\/www.praiadocanal.pt\/pt-pt\/alojamento\/","og_site_name":"Praia do Canal Nature Retreat","article_modified_time":"2025-02-24T13:08:15+00:00","og_image":[{"width":1800,"height":1200,"url":"https:\/\/www.praiadocanal.pt\/wp-content\/uploads\/sites\/560\/2023\/02\/praia-do-canal-poolside.jpg","type":"image\/jpeg"}],"twitter_card":"summary_large_image","twitter_misc":{"Est. reading time":"1 minuto"},"schema":{"@context":"https:\/\/schema.org","@graph":[{"@type":"WebPage","@id":"https:\/\/www.praiadocanal.pt\/pt-pt\/alojamento\/","url":"https:\/\/www.praiadocanal.pt\/pt-pt\/alojamento\/","name":"Alojamento - Praia do Canal Nature Retreat -","isPartOf":{"@id":"https:\/\/www.praiadocanal.pt\/pt-pt\/#website"},"datePublished":"2021-03-24T12:53:28+00:00","dateModified":"2025-02-24T13:08:15+00:00","description":"Com uma est\u00e9tica minimalista, inspirado nos tons quentes da fal\u00e9sia da costa Vicentina, o hotel oferece 56 alojamentos - entre quartos premium e suites - constitu\u00eddo por unidades de dois pisos com acesso direto ao jardim ou varanda com espregui\u00e7adeiras e guarda-s\u00f3is. As suites incluem terra\u00e7os, banheiras e duches exteriores. O mobili\u00e1rio portugu\u00eas, as madeiras e os m\u00e1rmores naturais est\u00e3o presentes na decora\u00e7\u00e3o. Todos os quartos e suites tem vistas panor\u00e2micas sobre o vale para o Oceano Atl\u00e2ntico.","breadcrumb":{"@id":"https:\/\/www.praiadocanal.pt\/pt-pt\/alojamento\/#breadcrumb"},"inLanguage":"pt-PT","potentialAction":[{"@type":"ReadAction","target":["https:\/\/www.praiadocanal.pt\/pt-pt\/alojamento\/"]}]},{"@type":"BreadcrumbList","@id":"https:\/\/www.praiadocanal.pt\/pt-pt\/alojamento\/#breadcrumb","itemListElement":[{"@type":"ListItem","position":1,"name":"Home","item":"https:\/\/www.praiadocanal.pt\/pt-pt\/"},{"@type":"ListItem","position":2,"name":"Alojamento"}]},{"@type":"WebSite","@id":"https:\/\/www.praiadocanal.pt\/pt-pt\/#website","url":"https:\/\/www.praiadocanal.pt\/pt-pt\/","name":"Praia Do Canal Nature Retreat","description":"","publisher":{"@id":"https:\/\/www.praiadocanal.pt\/pt-pt\/#organization"},"alternateName":"Praia Do Canal","potentialAction":[{"@type":"SearchAction","target":{"@type":"EntryPoint","urlTemplate":"https:\/\/www.praiadocanal.pt\/pt-pt\/?s={search_term_string}"},"query-input":{"@type":"PropertyValueSpecification","valueRequired":true,"valueName":"search_term_string"}}],"inLanguage":"pt-PT"},{"@type":"Organization","@id":"https:\/\/www.praiadocanal.pt\/pt-pt\/#organization","name":"Praia Do Canal Nature Retreat","url":"https:\/\/www.praiadocanal.pt\/pt-pt\/","logo":{"@type":"ImageObject","inLanguage":"pt-PT","@id":"https:\/\/www.praiadocanal.pt\/pt-pt\/#\/schema\/logo\/image\/","url":"https:\/\/praia-do-canal-staging.ms.decms.eu\/wp-content\/uploads\/sites\/560\/2023\/05\/unnamed.gif","contentUrl":"https:\/\/praia-do-canal-staging.ms.decms.eu\/wp-content\/uploads\/sites\/560\/2023\/05\/unnamed.gif","width":840,"height":840,"caption":"Praia Do Canal Nature Retreat"},"image":{"@id":"https:\/\/www.praiadocanal.pt\/pt-pt\/#\/schema\/logo\/image\/"}}]}},"acf":[],"_links":{"self":[{"href":"https:\/\/www.praiadocanal.pt\/pt-pt\/wp-json\/wp\/v2\/pages\/868","targetHints":{"allow":["GET"]}}],"collection":[{"href":"https:\/\/www.praiadocanal.pt\/pt-pt\/wp-json\/wp\/v2\/pages"}],"about":[{"href":"https:\/\/www.praiadocanal.pt\/pt-pt\/wp-json\/wp\/v2\/types\/page"}],"author":[{"embeddable":true,"href":"https:\/\/www.praiadocanal.pt\/pt-pt\/wp-json\/wp\/v2\/users\/6"}],"replies":[{"embeddable":true,"href":"https:\/\/www.praiadocanal.pt\/pt-pt\/wp-json\/wp\/v2\/comments?post=868"}],"version-history":[{"count":0,"href":"https:\/\/www.praiadocanal.pt\/pt-pt\/wp-json\/wp\/v2\/pages\/868\/revisions"}],"wp:attachment":[{"href":"https:\/\/www.praiadocanal.pt\/pt-pt\/wp-json\/wp\/v2\/media?parent=868"}],"curies":[{"name":"wp","href":"https:\/\/api.w.org\/{rel}","templated":true}]}}