{"id":410,"date":"2021-09-06T13:33:06","date_gmt":"2021-09-06T13:33:06","guid":{"rendered":"https:\/\/praia-do-canal-new.ms.decms.eu\/wellness\/"},"modified":"2024-05-20T18:06:37","modified_gmt":"2024-05-20T18:06:37","slug":"wellness","status":"publish","type":"page","link":"https:\/\/www.praiadocanal.pt\/pt-pt\/wellness\/","title":{"rendered":"Bem-estar"},"content":{"rendered":"<p id=\"tw-target-text\" class=\"tw-data-text tw-text-large tw-ta\" dir=\"ltr\" data-placeholder=\"Translation\"><span class=\"Y2IQFc\" lang=\"pt\">A Praia do Canal tem uma abordagem hol\u00edstica para o bem-estar, oferecendo a quem procura relaxar e restaurar o corpo e a mente, e aos h\u00f3spedes que desejam melhorar a forma f\u00edsica. <\/span><\/p>\n<p>Todos os nossos tratamentos e terapias s\u00e3o realizados com produtos Elemis, a renomada marca de bem-estar da pele com alma de aromaterapeuta, esp\u00edrito de artista e o compromisso de um cientista na busca de resultados.<\/p>\n<p>Para cultivar a serenidade diante de um estilo de vida estressante, mude o seu foco para dentro com ioga e medita\u00e7\u00e3o com a ajuda da nossa instrutora de ioga.<\/p>\n<p>Para quem procura uma estadia mais ativa, o hotel inclui um gin\u00e1sio totalmente equipado com as solu\u00e7\u00f5es de fitness da Technogym e com a ajuda do nosso Personal Trainer.<\/p>\n","protected":false},"excerpt":{"rendered":"<p>A Praia do Canal tem uma abordagem hol\u00edstica para o bem-estar, oferecendo a quem procura relaxar e restaurar o corpo e a mente, e aos h\u00f3spedes que desejam melhorar a forma f\u00edsica. Todos os nossos tratamentos e terapias s\u00e3o realizados com produtos Elemis, a renomada marca de bem-estar da pele com alma de aromaterapeuta, esp\u00edrito [&hellip;]<\/p>\n","protected":false},"author":6,"featured_media":1427,"parent":0,"menu_order":15,"comment_status":"closed","ping_status":"closed","template":"template-wellness-new.php","meta":{"footnotes":""},"class_list":["post-410","page","type-page","status-publish","has-post-thumbnail","hentry"],"yoast_head":"<!-- This site is optimized with the Yoast SEO plugin v26.9 - https:\/\/yoast.com\/product\/yoast-seo-wordpress\/ -->\n<title>Bem-estar - Praia do Canal Nature Retreat -<\/title>\n<meta name=\"description\" content=\"A Praia do Canal tem uma abordagem hol\u00edstica para o bem-estar, oferecendo a quem procura relaxar e restaurar o corpo e a mente, e aos h\u00f3spedes que desejam melhorar a forma f\u00edsica.  Todos os nossos tratamentos e terapias s\u00e3o realizados com produtos Elemis, a renomada marca de bem-estar da pele com alma de aromaterapeuta, esp\u00edrito de artista e o compromisso de um cientista na busca de resultados.  Para cultivar a serenidade diante de um estilo de vida estressante, mude o seu foco para dentro com ioga e medita\u00e7\u00e3o com a ajuda da nossa instrutora de ioga.  Para quem procura uma estadia mais ativa, o hotel inclui um gin\u00e1sio totalmente equipado com as solu\u00e7\u00f5es de fitness da Technogym e com a ajuda do nosso Personal Trainer.\" \/>\n<meta name=\"robots\" content=\"index, follow, max-snippet:-1, max-image-preview:large, max-video-preview:-1\" \/>\n<link rel=\"canonical\" href=\"https:\/\/www.praiadocanal.pt\/pt-pt\/wellness\/\" \/>\n<meta property=\"og:locale\" content=\"pt_PT\" \/>\n<meta property=\"og:type\" content=\"article\" \/>\n<meta property=\"og:title\" content=\"Bem-estar - Praia do Canal Nature Retreat -\" \/>\n<meta property=\"og:description\" content=\"A Praia do Canal tem uma abordagem hol\u00edstica para o bem-estar, oferecendo a quem procura relaxar e restaurar o corpo e a mente, e aos h\u00f3spedes que desejam melhorar a forma f\u00edsica.  Todos os nossos tratamentos e terapias s\u00e3o realizados com produtos Elemis, a renomada marca de bem-estar da pele com alma de aromaterapeuta, esp\u00edrito de artista e o compromisso de um cientista na busca de resultados.  Para cultivar a serenidade diante de um estilo de vida estressante, mude o seu foco para dentro com ioga e medita\u00e7\u00e3o com a ajuda da nossa instrutora de ioga.  Para quem procura uma estadia mais ativa, o hotel inclui um gin\u00e1sio totalmente equipado com as solu\u00e7\u00f5es de fitness da Technogym e com a ajuda do nosso Personal Trainer.\" \/>\n<meta property=\"og:url\" content=\"https:\/\/www.praiadocanal.pt\/pt-pt\/wellness\/\" \/>\n<meta property=\"og:site_name\" content=\"Praia do Canal Nature Retreat\" \/>\n<meta property=\"article:modified_time\" content=\"2024-05-20T18:06:37+00:00\" \/>\n<meta property=\"og:image\" content=\"https:\/\/www.praiadocanal.pt\/wp-content\/uploads\/sites\/560\/2024\/05\/spa-indoor-outdoor-pool-2.jpg\" \/>\n\t<meta property=\"og:image:width\" content=\"1800\" \/>\n\t<meta property=\"og:image:height\" content=\"1200\" \/>\n\t<meta property=\"og:image:type\" content=\"image\/jpeg\" \/>\n<meta name=\"twitter:card\" content=\"summary_large_image\" \/>\n<meta name=\"twitter:label1\" content=\"Est. reading time\" \/>\n\t<meta name=\"twitter:data1\" content=\"1 minuto\" \/>\n<script type=\"application\/ld+json\" class=\"yoast-schema-graph\">{\"@context\":\"https:\/\/schema.org\",\"@graph\":[{\"@type\":\"WebPage\",\"@id\":\"https:\/\/www.praiadocanal.pt\/pt-pt\/wellness\/\",\"url\":\"https:\/\/www.praiadocanal.pt\/pt-pt\/wellness\/\",\"name\":\"Bem-estar - Praia do Canal Nature Retreat -\",\"isPartOf\":{\"@id\":\"https:\/\/www.praiadocanal.pt\/pt-pt\/#website\"},\"primaryImageOfPage\":{\"@id\":\"https:\/\/www.praiadocanal.pt\/pt-pt\/wellness\/#primaryimage\"},\"image\":{\"@id\":\"https:\/\/www.praiadocanal.pt\/pt-pt\/wellness\/#primaryimage\"},\"thumbnailUrl\":\"https:\/\/www.praiadocanal.pt\/wp-content\/uploads\/sites\/560\/2024\/05\/spa-indoor-outdoor-pool-2.jpg\",\"datePublished\":\"2021-09-06T13:33:06+00:00\",\"dateModified\":\"2024-05-20T18:06:37+00:00\",\"description\":\"A Praia do Canal tem uma abordagem hol\u00edstica para o bem-estar, oferecendo a quem procura relaxar e restaurar o corpo e a mente, e aos h\u00f3spedes que desejam melhorar a forma f\u00edsica. Todos os nossos tratamentos e terapias s\u00e3o realizados com produtos Elemis, a renomada marca de bem-estar da pele com alma de aromaterapeuta, esp\u00edrito de artista e o compromisso de um cientista na busca de resultados. Para cultivar a serenidade diante de um estilo de vida estressante, mude o seu foco para dentro com ioga e medita\u00e7\u00e3o com a ajuda da nossa instrutora de ioga. Para quem procura uma estadia mais ativa, o hotel inclui um gin\u00e1sio totalmente equipado com as solu\u00e7\u00f5es de fitness da Technogym e com a ajuda do nosso Personal Trainer.\",\"breadcrumb\":{\"@id\":\"https:\/\/www.praiadocanal.pt\/pt-pt\/wellness\/#breadcrumb\"},\"inLanguage\":\"pt-PT\",\"potentialAction\":[{\"@type\":\"ReadAction\",\"target\":[\"https:\/\/www.praiadocanal.pt\/pt-pt\/wellness\/\"]}]},{\"@type\":\"ImageObject\",\"inLanguage\":\"pt-PT\",\"@id\":\"https:\/\/www.praiadocanal.pt\/pt-pt\/wellness\/#primaryimage\",\"url\":\"https:\/\/www.praiadocanal.pt\/wp-content\/uploads\/sites\/560\/2024\/05\/spa-indoor-outdoor-pool-2.jpg\",\"contentUrl\":\"https:\/\/www.praiadocanal.pt\/wp-content\/uploads\/sites\/560\/2024\/05\/spa-indoor-outdoor-pool-2.jpg\",\"width\":1800,\"height\":1200},{\"@type\":\"BreadcrumbList\",\"@id\":\"https:\/\/www.praiadocanal.pt\/pt-pt\/wellness\/#breadcrumb\",\"itemListElement\":[{\"@type\":\"ListItem\",\"position\":1,\"name\":\"Home\",\"item\":\"https:\/\/www.praiadocanal.pt\/pt-pt\/\"},{\"@type\":\"ListItem\",\"position\":2,\"name\":\"Bem-estar\"}]},{\"@type\":\"WebSite\",\"@id\":\"https:\/\/www.praiadocanal.pt\/pt-pt\/#website\",\"url\":\"https:\/\/www.praiadocanal.pt\/pt-pt\/\",\"name\":\"Praia Do Canal Nature Retreat\",\"description\":\"\",\"publisher\":{\"@id\":\"https:\/\/www.praiadocanal.pt\/pt-pt\/#organization\"},\"alternateName\":\"Praia Do Canal\",\"potentialAction\":[{\"@type\":\"SearchAction\",\"target\":{\"@type\":\"EntryPoint\",\"urlTemplate\":\"https:\/\/www.praiadocanal.pt\/pt-pt\/?s={search_term_string}\"},\"query-input\":{\"@type\":\"PropertyValueSpecification\",\"valueRequired\":true,\"valueName\":\"search_term_string\"}}],\"inLanguage\":\"pt-PT\"},{\"@type\":\"Organization\",\"@id\":\"https:\/\/www.praiadocanal.pt\/pt-pt\/#organization\",\"name\":\"Praia Do Canal Nature Retreat\",\"url\":\"https:\/\/www.praiadocanal.pt\/pt-pt\/\",\"logo\":{\"@type\":\"ImageObject\",\"inLanguage\":\"pt-PT\",\"@id\":\"https:\/\/www.praiadocanal.pt\/pt-pt\/#\/schema\/logo\/image\/\",\"url\":\"https:\/\/praia-do-canal-staging.ms.decms.eu\/wp-content\/uploads\/sites\/560\/2023\/05\/unnamed.gif\",\"contentUrl\":\"https:\/\/praia-do-canal-staging.ms.decms.eu\/wp-content\/uploads\/sites\/560\/2023\/05\/unnamed.gif\",\"width\":840,\"height\":840,\"caption\":\"Praia Do Canal Nature Retreat\"},\"image\":{\"@id\":\"https:\/\/www.praiadocanal.pt\/pt-pt\/#\/schema\/logo\/image\/\"}}]}<\/script>\n<!-- \/ Yoast SEO plugin. -->","yoast_head_json":{"title":"Bem-estar - Praia do Canal Nature Retreat -","description":"A Praia do Canal tem uma abordagem hol\u00edstica para o bem-estar, oferecendo a quem procura relaxar e restaurar o corpo e a mente, e aos h\u00f3spedes que desejam melhorar a forma f\u00edsica.  Todos os nossos tratamentos e terapias s\u00e3o realizados com produtos Elemis, a renomada marca de bem-estar da pele com alma de aromaterapeuta, esp\u00edrito de artista e o compromisso de um cientista na busca de resultados.  Para cultivar a serenidade diante de um estilo de vida estressante, mude o seu foco para dentro com ioga e medita\u00e7\u00e3o com a ajuda da nossa instrutora de ioga.  Para quem procura uma estadia mais ativa, o hotel inclui um gin\u00e1sio totalmente equipado com as solu\u00e7\u00f5es de fitness da Technogym e com a ajuda do nosso Personal Trainer.","robots":{"index":"index","follow":"follow","max-snippet":"max-snippet:-1","max-image-preview":"max-image-preview:large","max-video-preview":"max-video-preview:-1"},"canonical":"https:\/\/www.praiadocanal.pt\/pt-pt\/wellness\/","og_locale":"pt_PT","og_type":"article","og_title":"Bem-estar - Praia do Canal Nature Retreat -","og_description":"A Praia do Canal tem uma abordagem hol\u00edstica para o bem-estar, oferecendo a quem procura relaxar e restaurar o corpo e a mente, e aos h\u00f3spedes que desejam melhorar a forma f\u00edsica.  Todos os nossos tratamentos e terapias s\u00e3o realizados com produtos Elemis, a renomada marca de bem-estar da pele com alma de aromaterapeuta, esp\u00edrito de artista e o compromisso de um cientista na busca de resultados.  Para cultivar a serenidade diante de um estilo de vida estressante, mude o seu foco para dentro com ioga e medita\u00e7\u00e3o com a ajuda da nossa instrutora de ioga.  Para quem procura uma estadia mais ativa, o hotel inclui um gin\u00e1sio totalmente equipado com as solu\u00e7\u00f5es de fitness da Technogym e com a ajuda do nosso Personal Trainer.","og_url":"https:\/\/www.praiadocanal.pt\/pt-pt\/wellness\/","og_site_name":"Praia do Canal Nature Retreat","article_modified_time":"2024-05-20T18:06:37+00:00","og_image":[{"width":1800,"height":1200,"url":"https:\/\/www.praiadocanal.pt\/wp-content\/uploads\/sites\/560\/2024\/05\/spa-indoor-outdoor-pool-2.jpg","type":"image\/jpeg"}],"twitter_card":"summary_large_image","twitter_misc":{"Est. reading time":"1 minuto"},"schema":{"@context":"https:\/\/schema.org","@graph":[{"@type":"WebPage","@id":"https:\/\/www.praiadocanal.pt\/pt-pt\/wellness\/","url":"https:\/\/www.praiadocanal.pt\/pt-pt\/wellness\/","name":"Bem-estar - Praia do Canal Nature Retreat -","isPartOf":{"@id":"https:\/\/www.praiadocanal.pt\/pt-pt\/#website"},"primaryImageOfPage":{"@id":"https:\/\/www.praiadocanal.pt\/pt-pt\/wellness\/#primaryimage"},"image":{"@id":"https:\/\/www.praiadocanal.pt\/pt-pt\/wellness\/#primaryimage"},"thumbnailUrl":"https:\/\/www.praiadocanal.pt\/wp-content\/uploads\/sites\/560\/2024\/05\/spa-indoor-outdoor-pool-2.jpg","datePublished":"2021-09-06T13:33:06+00:00","dateModified":"2024-05-20T18:06:37+00:00","description":"A Praia do Canal tem uma abordagem hol\u00edstica para o bem-estar, oferecendo a quem procura relaxar e restaurar o corpo e a mente, e aos h\u00f3spedes que desejam melhorar a forma f\u00edsica. Todos os nossos tratamentos e terapias s\u00e3o realizados com produtos Elemis, a renomada marca de bem-estar da pele com alma de aromaterapeuta, esp\u00edrito de artista e o compromisso de um cientista na busca de resultados. Para cultivar a serenidade diante de um estilo de vida estressante, mude o seu foco para dentro com ioga e medita\u00e7\u00e3o com a ajuda da nossa instrutora de ioga. Para quem procura uma estadia mais ativa, o hotel inclui um gin\u00e1sio totalmente equipado com as solu\u00e7\u00f5es de fitness da Technogym e com a ajuda do nosso Personal Trainer.","breadcrumb":{"@id":"https:\/\/www.praiadocanal.pt\/pt-pt\/wellness\/#breadcrumb"},"inLanguage":"pt-PT","potentialAction":[{"@type":"ReadAction","target":["https:\/\/www.praiadocanal.pt\/pt-pt\/wellness\/"]}]},{"@type":"ImageObject","inLanguage":"pt-PT","@id":"https:\/\/www.praiadocanal.pt\/pt-pt\/wellness\/#primaryimage","url":"https:\/\/www.praiadocanal.pt\/wp-content\/uploads\/sites\/560\/2024\/05\/spa-indoor-outdoor-pool-2.jpg","contentUrl":"https:\/\/www.praiadocanal.pt\/wp-content\/uploads\/sites\/560\/2024\/05\/spa-indoor-outdoor-pool-2.jpg","width":1800,"height":1200},{"@type":"BreadcrumbList","@id":"https:\/\/www.praiadocanal.pt\/pt-pt\/wellness\/#breadcrumb","itemListElement":[{"@type":"ListItem","position":1,"name":"Home","item":"https:\/\/www.praiadocanal.pt\/pt-pt\/"},{"@type":"ListItem","position":2,"name":"Bem-estar"}]},{"@type":"WebSite","@id":"https:\/\/www.praiadocanal.pt\/pt-pt\/#website","url":"https:\/\/www.praiadocanal.pt\/pt-pt\/","name":"Praia Do Canal Nature Retreat","description":"","publisher":{"@id":"https:\/\/www.praiadocanal.pt\/pt-pt\/#organization"},"alternateName":"Praia Do Canal","potentialAction":[{"@type":"SearchAction","target":{"@type":"EntryPoint","urlTemplate":"https:\/\/www.praiadocanal.pt\/pt-pt\/?s={search_term_string}"},"query-input":{"@type":"PropertyValueSpecification","valueRequired":true,"valueName":"search_term_string"}}],"inLanguage":"pt-PT"},{"@type":"Organization","@id":"https:\/\/www.praiadocanal.pt\/pt-pt\/#organization","name":"Praia Do Canal Nature Retreat","url":"https:\/\/www.praiadocanal.pt\/pt-pt\/","logo":{"@type":"ImageObject","inLanguage":"pt-PT","@id":"https:\/\/www.praiadocanal.pt\/pt-pt\/#\/schema\/logo\/image\/","url":"https:\/\/praia-do-canal-staging.ms.decms.eu\/wp-content\/uploads\/sites\/560\/2023\/05\/unnamed.gif","contentUrl":"https:\/\/praia-do-canal-staging.ms.decms.eu\/wp-content\/uploads\/sites\/560\/2023\/05\/unnamed.gif","width":840,"height":840,"caption":"Praia Do Canal Nature Retreat"},"image":{"@id":"https:\/\/www.praiadocanal.pt\/pt-pt\/#\/schema\/logo\/image\/"}}]}},"acf":[],"_links":{"self":[{"href":"https:\/\/www.praiadocanal.pt\/pt-pt\/wp-json\/wp\/v2\/pages\/410","targetHints":{"allow":["GET"]}}],"collection":[{"href":"https:\/\/www.praiadocanal.pt\/pt-pt\/wp-json\/wp\/v2\/pages"}],"about":[{"href":"https:\/\/www.praiadocanal.pt\/pt-pt\/wp-json\/wp\/v2\/types\/page"}],"author":[{"embeddable":true,"href":"https:\/\/www.praiadocanal.pt\/pt-pt\/wp-json\/wp\/v2\/users\/6"}],"replies":[{"embeddable":true,"href":"https:\/\/www.praiadocanal.pt\/pt-pt\/wp-json\/wp\/v2\/comments?post=410"}],"version-history":[{"count":0,"href":"https:\/\/www.praiadocanal.pt\/pt-pt\/wp-json\/wp\/v2\/pages\/410\/revisions"}],"wp:featuredmedia":[{"embeddable":true,"href":"https:\/\/www.praiadocanal.pt\/pt-pt\/wp-json\/wp\/v2\/media\/1427"}],"wp:attachment":[{"href":"https:\/\/www.praiadocanal.pt\/pt-pt\/wp-json\/wp\/v2\/media?parent=410"}],"curies":[{"name":"wp","href":"https:\/\/api.w.org\/{rel}","templated":true}]}}