{"id":359,"date":"2021-11-22T17:54:10","date_gmt":"2021-11-22T17:54:10","guid":{"rendered":"https:\/\/praia-do-canal-new.ms.decms.eu\/dining\/"},"modified":"2024-05-17T15:08:29","modified_gmt":"2024-05-17T15:08:29","slug":"gastronomia","status":"publish","type":"page","link":"https:\/\/www.praiadocanal.pt\/pt-pt\/gastronomia\/","title":{"rendered":"Gastronomia"},"content":{"rendered":"<p id=\"tw-target-text\" class=\"tw-data-text tw-text-large tw-ta\" dir=\"ltr\" style=\"text-align: center\" data-placeholder=\"Translation\">Fa\u00e7a uma viagem pelo patrim\u00f3nio gastron\u00f3mico do Alentejo e Algarve, saboreie sabores aut\u00eanticos e sensoriais absolutamente \u00fanicos com um toque contempor\u00e2neo. Cultivamos um sentido natural de hospitalidade, aten\u00e7\u00e3o ao detalhe e cuidado genu\u00edno por quem se senta \u00e0 nossa mesa. Orgulhamo-nos dos produtos da mais alta qualidade, selecionados de uma variadade de regi\u00f5es e paisagens contrastantes da nossa terra.<\/p>\n","protected":false},"excerpt":{"rendered":"<p>Fa\u00e7a uma viagem pelo patrim\u00f3nio gastron\u00f3mico do Alentejo e Algarve, saboreie sabores aut\u00eanticos e sensoriais absolutamente \u00fanicos com um toque contempor\u00e2neo. Cultivamos um sentido natural de hospitalidade, aten\u00e7\u00e3o ao detalhe e cuidado genu\u00edno por quem se senta \u00e0 nossa mesa. Orgulhamo-nos dos produtos da mais alta qualidade, selecionados de uma variadade de regi\u00f5es e paisagens [&hellip;]<\/p>\n","protected":false},"author":6,"featured_media":1443,"parent":0,"menu_order":10,"comment_status":"closed","ping_status":"closed","template":"template-dine.php","meta":{"footnotes":""},"class_list":["post-359","page","type-page","status-publish","has-post-thumbnail","hentry"],"yoast_head":"<!-- This site is optimized with the Yoast SEO plugin v26.9 - https:\/\/yoast.com\/product\/yoast-seo-wordpress\/ -->\n<title>Gastronomia - Praia do Canal Nature Retreat -<\/title>\n<meta name=\"description\" content=\"Fa\u00e7a uma viagem pelo patrim\u00f3nio gastron\u00f3mico do Alentejo e Algarve, saboreie sabores aut\u00eanticos e sensoriais absolutamente \u00fanicos com um toque contempor\u00e2neo. Cultivamos um sentido natural de hospitalidade, aten\u00e7\u00e3o ao detalhe e cuidado genu\u00edno por quem se senta \u00e0 nossa mesa\" \/>\n<meta name=\"robots\" content=\"index, follow, max-snippet:-1, max-image-preview:large, max-video-preview:-1\" \/>\n<link rel=\"canonical\" href=\"https:\/\/www.praiadocanal.pt\/pt-pt\/gastronomia\/\" \/>\n<meta property=\"og:locale\" content=\"pt_PT\" \/>\n<meta property=\"og:type\" content=\"article\" \/>\n<meta property=\"og:title\" content=\"Gastronomia - Praia do Canal Nature Retreat -\" \/>\n<meta property=\"og:description\" content=\"Fa\u00e7a uma viagem pelo patrim\u00f3nio gastron\u00f3mico do Alentejo e Algarve, saboreie sabores aut\u00eanticos e sensoriais absolutamente \u00fanicos com um toque contempor\u00e2neo. Cultivamos um sentido natural de hospitalidade, aten\u00e7\u00e3o ao detalhe e cuidado genu\u00edno por quem se senta \u00e0 nossa mesa\" \/>\n<meta property=\"og:url\" content=\"https:\/\/www.praiadocanal.pt\/pt-pt\/gastronomia\/\" \/>\n<meta property=\"og:site_name\" content=\"Praia do Canal Nature Retreat\" \/>\n<meta property=\"article:modified_time\" content=\"2024-05-17T15:08:29+00:00\" \/>\n<meta property=\"og:image\" content=\"https:\/\/www.praiadocanal.pt\/wp-content\/uploads\/sites\/560\/2024\/05\/reception-detail-2.jpg\" \/>\n\t<meta property=\"og:image:width\" content=\"789\" \/>\n\t<meta property=\"og:image:height\" content=\"1200\" \/>\n\t<meta property=\"og:image:type\" content=\"image\/jpeg\" \/>\n<meta name=\"twitter:card\" content=\"summary_large_image\" \/>\n<meta name=\"twitter:label1\" content=\"Est. reading time\" \/>\n\t<meta name=\"twitter:data1\" content=\"1 minuto\" \/>\n<script type=\"application\/ld+json\" class=\"yoast-schema-graph\">{\"@context\":\"https:\/\/schema.org\",\"@graph\":[{\"@type\":\"WebPage\",\"@id\":\"https:\/\/www.praiadocanal.pt\/pt-pt\/gastronomia\/\",\"url\":\"https:\/\/www.praiadocanal.pt\/pt-pt\/gastronomia\/\",\"name\":\"Gastronomia - Praia do Canal Nature Retreat -\",\"isPartOf\":{\"@id\":\"https:\/\/www.praiadocanal.pt\/pt-pt\/#website\"},\"primaryImageOfPage\":{\"@id\":\"https:\/\/www.praiadocanal.pt\/pt-pt\/gastronomia\/#primaryimage\"},\"image\":{\"@id\":\"https:\/\/www.praiadocanal.pt\/pt-pt\/gastronomia\/#primaryimage\"},\"thumbnailUrl\":\"https:\/\/www.praiadocanal.pt\/wp-content\/uploads\/sites\/560\/2024\/05\/reception-detail-2.jpg\",\"datePublished\":\"2021-11-22T17:54:10+00:00\",\"dateModified\":\"2024-05-17T15:08:29+00:00\",\"description\":\"Fa\u00e7a uma viagem pelo patrim\u00f3nio gastron\u00f3mico do Alentejo e Algarve, saboreie sabores aut\u00eanticos e sensoriais absolutamente \u00fanicos com um toque contempor\u00e2neo. Cultivamos um sentido natural de hospitalidade, aten\u00e7\u00e3o ao detalhe e cuidado genu\u00edno por quem se senta \u00e0 nossa mesa\",\"breadcrumb\":{\"@id\":\"https:\/\/www.praiadocanal.pt\/pt-pt\/gastronomia\/#breadcrumb\"},\"inLanguage\":\"pt-PT\",\"potentialAction\":[{\"@type\":\"ReadAction\",\"target\":[\"https:\/\/www.praiadocanal.pt\/pt-pt\/gastronomia\/\"]}]},{\"@type\":\"ImageObject\",\"inLanguage\":\"pt-PT\",\"@id\":\"https:\/\/www.praiadocanal.pt\/pt-pt\/gastronomia\/#primaryimage\",\"url\":\"https:\/\/www.praiadocanal.pt\/wp-content\/uploads\/sites\/560\/2024\/05\/reception-detail-2.jpg\",\"contentUrl\":\"https:\/\/www.praiadocanal.pt\/wp-content\/uploads\/sites\/560\/2024\/05\/reception-detail-2.jpg\",\"width\":789,\"height\":1200},{\"@type\":\"BreadcrumbList\",\"@id\":\"https:\/\/www.praiadocanal.pt\/pt-pt\/gastronomia\/#breadcrumb\",\"itemListElement\":[{\"@type\":\"ListItem\",\"position\":1,\"name\":\"Home\",\"item\":\"https:\/\/www.praiadocanal.pt\/pt-pt\/\"},{\"@type\":\"ListItem\",\"position\":2,\"name\":\"Gastronomia\"}]},{\"@type\":\"WebSite\",\"@id\":\"https:\/\/www.praiadocanal.pt\/pt-pt\/#website\",\"url\":\"https:\/\/www.praiadocanal.pt\/pt-pt\/\",\"name\":\"Praia Do Canal Nature Retreat\",\"description\":\"\",\"publisher\":{\"@id\":\"https:\/\/www.praiadocanal.pt\/pt-pt\/#organization\"},\"alternateName\":\"Praia Do Canal\",\"potentialAction\":[{\"@type\":\"SearchAction\",\"target\":{\"@type\":\"EntryPoint\",\"urlTemplate\":\"https:\/\/www.praiadocanal.pt\/pt-pt\/?s={search_term_string}\"},\"query-input\":{\"@type\":\"PropertyValueSpecification\",\"valueRequired\":true,\"valueName\":\"search_term_string\"}}],\"inLanguage\":\"pt-PT\"},{\"@type\":\"Organization\",\"@id\":\"https:\/\/www.praiadocanal.pt\/pt-pt\/#organization\",\"name\":\"Praia Do Canal Nature Retreat\",\"url\":\"https:\/\/www.praiadocanal.pt\/pt-pt\/\",\"logo\":{\"@type\":\"ImageObject\",\"inLanguage\":\"pt-PT\",\"@id\":\"https:\/\/www.praiadocanal.pt\/pt-pt\/#\/schema\/logo\/image\/\",\"url\":\"https:\/\/praia-do-canal-staging.ms.decms.eu\/wp-content\/uploads\/sites\/560\/2023\/05\/unnamed.gif\",\"contentUrl\":\"https:\/\/praia-do-canal-staging.ms.decms.eu\/wp-content\/uploads\/sites\/560\/2023\/05\/unnamed.gif\",\"width\":840,\"height\":840,\"caption\":\"Praia Do Canal Nature Retreat\"},\"image\":{\"@id\":\"https:\/\/www.praiadocanal.pt\/pt-pt\/#\/schema\/logo\/image\/\"}}]}<\/script>\n<!-- \/ Yoast SEO plugin. -->","yoast_head_json":{"title":"Gastronomia - Praia do Canal Nature Retreat -","description":"Fa\u00e7a uma viagem pelo patrim\u00f3nio gastron\u00f3mico do Alentejo e Algarve, saboreie sabores aut\u00eanticos e sensoriais absolutamente \u00fanicos com um toque contempor\u00e2neo. Cultivamos um sentido natural de hospitalidade, aten\u00e7\u00e3o ao detalhe e cuidado genu\u00edno por quem se senta \u00e0 nossa mesa","robots":{"index":"index","follow":"follow","max-snippet":"max-snippet:-1","max-image-preview":"max-image-preview:large","max-video-preview":"max-video-preview:-1"},"canonical":"https:\/\/www.praiadocanal.pt\/pt-pt\/gastronomia\/","og_locale":"pt_PT","og_type":"article","og_title":"Gastronomia - Praia do Canal Nature Retreat -","og_description":"Fa\u00e7a uma viagem pelo patrim\u00f3nio gastron\u00f3mico do Alentejo e Algarve, saboreie sabores aut\u00eanticos e sensoriais absolutamente \u00fanicos com um toque contempor\u00e2neo. Cultivamos um sentido natural de hospitalidade, aten\u00e7\u00e3o ao detalhe e cuidado genu\u00edno por quem se senta \u00e0 nossa mesa","og_url":"https:\/\/www.praiadocanal.pt\/pt-pt\/gastronomia\/","og_site_name":"Praia do Canal Nature Retreat","article_modified_time":"2024-05-17T15:08:29+00:00","og_image":[{"width":789,"height":1200,"url":"https:\/\/www.praiadocanal.pt\/wp-content\/uploads\/sites\/560\/2024\/05\/reception-detail-2.jpg","type":"image\/jpeg"}],"twitter_card":"summary_large_image","twitter_misc":{"Est. reading time":"1 minuto"},"schema":{"@context":"https:\/\/schema.org","@graph":[{"@type":"WebPage","@id":"https:\/\/www.praiadocanal.pt\/pt-pt\/gastronomia\/","url":"https:\/\/www.praiadocanal.pt\/pt-pt\/gastronomia\/","name":"Gastronomia - Praia do Canal Nature Retreat -","isPartOf":{"@id":"https:\/\/www.praiadocanal.pt\/pt-pt\/#website"},"primaryImageOfPage":{"@id":"https:\/\/www.praiadocanal.pt\/pt-pt\/gastronomia\/#primaryimage"},"image":{"@id":"https:\/\/www.praiadocanal.pt\/pt-pt\/gastronomia\/#primaryimage"},"thumbnailUrl":"https:\/\/www.praiadocanal.pt\/wp-content\/uploads\/sites\/560\/2024\/05\/reception-detail-2.jpg","datePublished":"2021-11-22T17:54:10+00:00","dateModified":"2024-05-17T15:08:29+00:00","description":"Fa\u00e7a uma viagem pelo patrim\u00f3nio gastron\u00f3mico do Alentejo e Algarve, saboreie sabores aut\u00eanticos e sensoriais absolutamente \u00fanicos com um toque contempor\u00e2neo. Cultivamos um sentido natural de hospitalidade, aten\u00e7\u00e3o ao detalhe e cuidado genu\u00edno por quem se senta \u00e0 nossa mesa","breadcrumb":{"@id":"https:\/\/www.praiadocanal.pt\/pt-pt\/gastronomia\/#breadcrumb"},"inLanguage":"pt-PT","potentialAction":[{"@type":"ReadAction","target":["https:\/\/www.praiadocanal.pt\/pt-pt\/gastronomia\/"]}]},{"@type":"ImageObject","inLanguage":"pt-PT","@id":"https:\/\/www.praiadocanal.pt\/pt-pt\/gastronomia\/#primaryimage","url":"https:\/\/www.praiadocanal.pt\/wp-content\/uploads\/sites\/560\/2024\/05\/reception-detail-2.jpg","contentUrl":"https:\/\/www.praiadocanal.pt\/wp-content\/uploads\/sites\/560\/2024\/05\/reception-detail-2.jpg","width":789,"height":1200},{"@type":"BreadcrumbList","@id":"https:\/\/www.praiadocanal.pt\/pt-pt\/gastronomia\/#breadcrumb","itemListElement":[{"@type":"ListItem","position":1,"name":"Home","item":"https:\/\/www.praiadocanal.pt\/pt-pt\/"},{"@type":"ListItem","position":2,"name":"Gastronomia"}]},{"@type":"WebSite","@id":"https:\/\/www.praiadocanal.pt\/pt-pt\/#website","url":"https:\/\/www.praiadocanal.pt\/pt-pt\/","name":"Praia Do Canal Nature Retreat","description":"","publisher":{"@id":"https:\/\/www.praiadocanal.pt\/pt-pt\/#organization"},"alternateName":"Praia Do Canal","potentialAction":[{"@type":"SearchAction","target":{"@type":"EntryPoint","urlTemplate":"https:\/\/www.praiadocanal.pt\/pt-pt\/?s={search_term_string}"},"query-input":{"@type":"PropertyValueSpecification","valueRequired":true,"valueName":"search_term_string"}}],"inLanguage":"pt-PT"},{"@type":"Organization","@id":"https:\/\/www.praiadocanal.pt\/pt-pt\/#organization","name":"Praia Do Canal Nature Retreat","url":"https:\/\/www.praiadocanal.pt\/pt-pt\/","logo":{"@type":"ImageObject","inLanguage":"pt-PT","@id":"https:\/\/www.praiadocanal.pt\/pt-pt\/#\/schema\/logo\/image\/","url":"https:\/\/praia-do-canal-staging.ms.decms.eu\/wp-content\/uploads\/sites\/560\/2023\/05\/unnamed.gif","contentUrl":"https:\/\/praia-do-canal-staging.ms.decms.eu\/wp-content\/uploads\/sites\/560\/2023\/05\/unnamed.gif","width":840,"height":840,"caption":"Praia Do Canal Nature Retreat"},"image":{"@id":"https:\/\/www.praiadocanal.pt\/pt-pt\/#\/schema\/logo\/image\/"}}]}},"acf":[],"_links":{"self":[{"href":"https:\/\/www.praiadocanal.pt\/pt-pt\/wp-json\/wp\/v2\/pages\/359","targetHints":{"allow":["GET"]}}],"collection":[{"href":"https:\/\/www.praiadocanal.pt\/pt-pt\/wp-json\/wp\/v2\/pages"}],"about":[{"href":"https:\/\/www.praiadocanal.pt\/pt-pt\/wp-json\/wp\/v2\/types\/page"}],"author":[{"embeddable":true,"href":"https:\/\/www.praiadocanal.pt\/pt-pt\/wp-json\/wp\/v2\/users\/6"}],"replies":[{"embeddable":true,"href":"https:\/\/www.praiadocanal.pt\/pt-pt\/wp-json\/wp\/v2\/comments?post=359"}],"version-history":[{"count":0,"href":"https:\/\/www.praiadocanal.pt\/pt-pt\/wp-json\/wp\/v2\/pages\/359\/revisions"}],"wp:featuredmedia":[{"embeddable":true,"href":"https:\/\/www.praiadocanal.pt\/pt-pt\/wp-json\/wp\/v2\/media\/1443"}],"wp:attachment":[{"href":"https:\/\/www.praiadocanal.pt\/pt-pt\/wp-json\/wp\/v2\/media?parent=359"}],"curies":[{"name":"wp","href":"https:\/\/api.w.org\/{rel}","templated":true}]}}