{"id":348,"date":"2021-03-24T12:57:11","date_gmt":"2021-03-24T12:57:11","guid":{"rendered":"https:\/\/praia-do-canal-new.ms.decms.eu\/junior-suites\/"},"modified":"2025-02-24T17:54:58","modified_gmt":"2025-02-24T17:54:58","slug":"suite-com-patio-exterior","status":"publish","type":"page","link":"https:\/\/www.praiadocanal.pt\/pt-pt\/alojamento\/suite-com-patio-exterior\/","title":{"rendered":"Suite com p\u00e1tio exterior"},"content":{"rendered":"<p>Suites no andar t\u00e9rreo de 45m\u00b2 com casa de banho privativa em m\u00e1rmore, duche, banheira e lavat\u00f3rio duplo, sala de estar com secret\u00e1ria, cadeira de leitura e sof\u00e1-cama e um terra\u00e7o privativo com espregui\u00e7adeiras e vista para a natureza ou para o mar.<\/p>\n","protected":false},"excerpt":{"rendered":"<p>Suites no andar t\u00e9rreo de 45m\u00b2 com casa de banho privativa em m\u00e1rmore, duche, banheira e lavat\u00f3rio duplo, sala de estar com secret\u00e1ria, cadeira de leitura e sof\u00e1-cama e um terra\u00e7o privativo com espregui\u00e7adeiras e vista para a natureza ou para o mar.<\/p>\n","protected":false},"author":6,"featured_media":1049,"parent":868,"menu_order":3,"comment_status":"closed","ping_status":"closed","template":"template-stay-room.php","meta":{"footnotes":""},"class_list":["post-348","page","type-page","status-publish","has-post-thumbnail","hentry"],"yoast_head":"<!-- This site is optimized with the Yoast SEO plugin v26.9 - https:\/\/yoast.com\/product\/yoast-seo-wordpress\/ -->\n<title>Suite com p\u00e1tio exterior - Praia do Canal Nature Retreat -<\/title>\n<meta name=\"description\" content=\"Suites no andar t\u00e9rreo de 45m\u00b2 com casa de banho privativa em m\u00e1rmore, duche, banheira e lavat\u00f3rio duplo, sala de estar com secret\u00e1ria, cadeira de leitura e sof\u00e1-cama e um terra\u00e7o privativo com espregui\u00e7adeiras e vista para a natureza ou para o mar..\" \/>\n<meta name=\"robots\" content=\"index, follow, max-snippet:-1, max-image-preview:large, max-video-preview:-1\" \/>\n<link rel=\"canonical\" href=\"https:\/\/www.praiadocanal.pt\/pt-pt\/alojamento\/suite-com-patio-exterior\/\" \/>\n<meta property=\"og:locale\" content=\"pt_PT\" \/>\n<meta property=\"og:type\" content=\"article\" \/>\n<meta property=\"og:title\" content=\"Suite com p\u00e1tio exterior - Praia do Canal Nature Retreat -\" \/>\n<meta property=\"og:description\" content=\"Suites no andar t\u00e9rreo de 45m\u00b2 com casa de banho privativa em m\u00e1rmore, duche, banheira e lavat\u00f3rio duplo, sala de estar com secret\u00e1ria, cadeira de leitura e sof\u00e1-cama e um terra\u00e7o privativo com espregui\u00e7adeiras e vista para a natureza ou para o mar..\" \/>\n<meta property=\"og:url\" content=\"https:\/\/www.praiadocanal.pt\/pt-pt\/alojamento\/suite-com-patio-exterior\/\" \/>\n<meta property=\"og:site_name\" content=\"Praia do Canal Nature Retreat\" \/>\n<meta property=\"article:modified_time\" content=\"2025-02-24T17:54:58+00:00\" \/>\n<meta property=\"og:image\" content=\"https:\/\/www.praiadocanal.pt\/wp-content\/uploads\/sites\/560\/2023\/03\/praia-do-canal-junior-detail.jpg\" \/>\n\t<meta property=\"og:image:width\" content=\"800\" \/>\n\t<meta property=\"og:image:height\" content=\"1200\" \/>\n\t<meta property=\"og:image:type\" content=\"image\/jpeg\" \/>\n<meta name=\"twitter:card\" content=\"summary_large_image\" \/>\n<script type=\"application\/ld+json\" class=\"yoast-schema-graph\">{\"@context\":\"https:\/\/schema.org\",\"@graph\":[{\"@type\":\"WebPage\",\"@id\":\"https:\/\/www.praiadocanal.pt\/pt-pt\/alojamento\/suite-com-patio-exterior\/\",\"url\":\"https:\/\/www.praiadocanal.pt\/pt-pt\/alojamento\/suite-com-patio-exterior\/\",\"name\":\"Suite com p\u00e1tio exterior - Praia do Canal Nature Retreat -\",\"isPartOf\":{\"@id\":\"https:\/\/www.praiadocanal.pt\/pt-pt\/#website\"},\"primaryImageOfPage\":{\"@id\":\"https:\/\/www.praiadocanal.pt\/pt-pt\/alojamento\/suite-com-patio-exterior\/#primaryimage\"},\"image\":{\"@id\":\"https:\/\/www.praiadocanal.pt\/pt-pt\/alojamento\/suite-com-patio-exterior\/#primaryimage\"},\"thumbnailUrl\":\"https:\/\/www.praiadocanal.pt\/wp-content\/uploads\/sites\/560\/2023\/03\/praia-do-canal-junior-detail.jpg\",\"datePublished\":\"2021-03-24T12:57:11+00:00\",\"dateModified\":\"2025-02-24T17:54:58+00:00\",\"description\":\"Suites no andar t\u00e9rreo de 45m\u00b2 com casa de banho privativa em m\u00e1rmore, duche, banheira e lavat\u00f3rio duplo, sala de estar com secret\u00e1ria, cadeira de leitura e sof\u00e1-cama e um terra\u00e7o privativo com espregui\u00e7adeiras e vista para a natureza ou para o mar..\",\"breadcrumb\":{\"@id\":\"https:\/\/www.praiadocanal.pt\/pt-pt\/alojamento\/suite-com-patio-exterior\/#breadcrumb\"},\"inLanguage\":\"pt-PT\",\"potentialAction\":[{\"@type\":\"ReadAction\",\"target\":[\"https:\/\/www.praiadocanal.pt\/pt-pt\/alojamento\/suite-com-patio-exterior\/\"]}]},{\"@type\":\"ImageObject\",\"inLanguage\":\"pt-PT\",\"@id\":\"https:\/\/www.praiadocanal.pt\/pt-pt\/alojamento\/suite-com-patio-exterior\/#primaryimage\",\"url\":\"https:\/\/www.praiadocanal.pt\/wp-content\/uploads\/sites\/560\/2023\/03\/praia-do-canal-junior-detail.jpg\",\"contentUrl\":\"https:\/\/www.praiadocanal.pt\/wp-content\/uploads\/sites\/560\/2023\/03\/praia-do-canal-junior-detail.jpg\",\"width\":800,\"height\":1200},{\"@type\":\"BreadcrumbList\",\"@id\":\"https:\/\/www.praiadocanal.pt\/pt-pt\/alojamento\/suite-com-patio-exterior\/#breadcrumb\",\"itemListElement\":[{\"@type\":\"ListItem\",\"position\":1,\"name\":\"Home\",\"item\":\"https:\/\/www.praiadocanal.pt\/pt-pt\/\"},{\"@type\":\"ListItem\",\"position\":2,\"name\":\"Alojamento\",\"item\":\"https:\/\/www.praiadocanal.pt\/pt-pt\/alojamento\/\"},{\"@type\":\"ListItem\",\"position\":3,\"name\":\"Suite com p\u00e1tio exterior\"}]},{\"@type\":\"WebSite\",\"@id\":\"https:\/\/www.praiadocanal.pt\/pt-pt\/#website\",\"url\":\"https:\/\/www.praiadocanal.pt\/pt-pt\/\",\"name\":\"Praia Do Canal Nature Retreat\",\"description\":\"\",\"publisher\":{\"@id\":\"https:\/\/www.praiadocanal.pt\/pt-pt\/#organization\"},\"alternateName\":\"Praia Do Canal\",\"potentialAction\":[{\"@type\":\"SearchAction\",\"target\":{\"@type\":\"EntryPoint\",\"urlTemplate\":\"https:\/\/www.praiadocanal.pt\/pt-pt\/?s={search_term_string}\"},\"query-input\":{\"@type\":\"PropertyValueSpecification\",\"valueRequired\":true,\"valueName\":\"search_term_string\"}}],\"inLanguage\":\"pt-PT\"},{\"@type\":\"Organization\",\"@id\":\"https:\/\/www.praiadocanal.pt\/pt-pt\/#organization\",\"name\":\"Praia Do Canal Nature Retreat\",\"url\":\"https:\/\/www.praiadocanal.pt\/pt-pt\/\",\"logo\":{\"@type\":\"ImageObject\",\"inLanguage\":\"pt-PT\",\"@id\":\"https:\/\/www.praiadocanal.pt\/pt-pt\/#\/schema\/logo\/image\/\",\"url\":\"https:\/\/praia-do-canal-staging.ms.decms.eu\/wp-content\/uploads\/sites\/560\/2023\/05\/unnamed.gif\",\"contentUrl\":\"https:\/\/praia-do-canal-staging.ms.decms.eu\/wp-content\/uploads\/sites\/560\/2023\/05\/unnamed.gif\",\"width\":840,\"height\":840,\"caption\":\"Praia Do Canal Nature Retreat\"},\"image\":{\"@id\":\"https:\/\/www.praiadocanal.pt\/pt-pt\/#\/schema\/logo\/image\/\"}}]}<\/script>\n<!-- \/ Yoast SEO plugin. -->","yoast_head_json":{"title":"Suite com p\u00e1tio exterior - Praia do Canal Nature Retreat -","description":"Suites no andar t\u00e9rreo de 45m\u00b2 com casa de banho privativa em m\u00e1rmore, duche, banheira e lavat\u00f3rio duplo, sala de estar com secret\u00e1ria, cadeira de leitura e sof\u00e1-cama e um terra\u00e7o privativo com espregui\u00e7adeiras e vista para a natureza ou para o mar..","robots":{"index":"index","follow":"follow","max-snippet":"max-snippet:-1","max-image-preview":"max-image-preview:large","max-video-preview":"max-video-preview:-1"},"canonical":"https:\/\/www.praiadocanal.pt\/pt-pt\/alojamento\/suite-com-patio-exterior\/","og_locale":"pt_PT","og_type":"article","og_title":"Suite com p\u00e1tio exterior - Praia do Canal Nature Retreat -","og_description":"Suites no andar t\u00e9rreo de 45m\u00b2 com casa de banho privativa em m\u00e1rmore, duche, banheira e lavat\u00f3rio duplo, sala de estar com secret\u00e1ria, cadeira de leitura e sof\u00e1-cama e um terra\u00e7o privativo com espregui\u00e7adeiras e vista para a natureza ou para o mar..","og_url":"https:\/\/www.praiadocanal.pt\/pt-pt\/alojamento\/suite-com-patio-exterior\/","og_site_name":"Praia do Canal Nature Retreat","article_modified_time":"2025-02-24T17:54:58+00:00","og_image":[{"width":800,"height":1200,"url":"https:\/\/www.praiadocanal.pt\/wp-content\/uploads\/sites\/560\/2023\/03\/praia-do-canal-junior-detail.jpg","type":"image\/jpeg"}],"twitter_card":"summary_large_image","schema":{"@context":"https:\/\/schema.org","@graph":[{"@type":"WebPage","@id":"https:\/\/www.praiadocanal.pt\/pt-pt\/alojamento\/suite-com-patio-exterior\/","url":"https:\/\/www.praiadocanal.pt\/pt-pt\/alojamento\/suite-com-patio-exterior\/","name":"Suite com p\u00e1tio exterior - Praia do Canal Nature Retreat -","isPartOf":{"@id":"https:\/\/www.praiadocanal.pt\/pt-pt\/#website"},"primaryImageOfPage":{"@id":"https:\/\/www.praiadocanal.pt\/pt-pt\/alojamento\/suite-com-patio-exterior\/#primaryimage"},"image":{"@id":"https:\/\/www.praiadocanal.pt\/pt-pt\/alojamento\/suite-com-patio-exterior\/#primaryimage"},"thumbnailUrl":"https:\/\/www.praiadocanal.pt\/wp-content\/uploads\/sites\/560\/2023\/03\/praia-do-canal-junior-detail.jpg","datePublished":"2021-03-24T12:57:11+00:00","dateModified":"2025-02-24T17:54:58+00:00","description":"Suites no andar t\u00e9rreo de 45m\u00b2 com casa de banho privativa em m\u00e1rmore, duche, banheira e lavat\u00f3rio duplo, sala de estar com secret\u00e1ria, cadeira de leitura e sof\u00e1-cama e um terra\u00e7o privativo com espregui\u00e7adeiras e vista para a natureza ou para o mar..","breadcrumb":{"@id":"https:\/\/www.praiadocanal.pt\/pt-pt\/alojamento\/suite-com-patio-exterior\/#breadcrumb"},"inLanguage":"pt-PT","potentialAction":[{"@type":"ReadAction","target":["https:\/\/www.praiadocanal.pt\/pt-pt\/alojamento\/suite-com-patio-exterior\/"]}]},{"@type":"ImageObject","inLanguage":"pt-PT","@id":"https:\/\/www.praiadocanal.pt\/pt-pt\/alojamento\/suite-com-patio-exterior\/#primaryimage","url":"https:\/\/www.praiadocanal.pt\/wp-content\/uploads\/sites\/560\/2023\/03\/praia-do-canal-junior-detail.jpg","contentUrl":"https:\/\/www.praiadocanal.pt\/wp-content\/uploads\/sites\/560\/2023\/03\/praia-do-canal-junior-detail.jpg","width":800,"height":1200},{"@type":"BreadcrumbList","@id":"https:\/\/www.praiadocanal.pt\/pt-pt\/alojamento\/suite-com-patio-exterior\/#breadcrumb","itemListElement":[{"@type":"ListItem","position":1,"name":"Home","item":"https:\/\/www.praiadocanal.pt\/pt-pt\/"},{"@type":"ListItem","position":2,"name":"Alojamento","item":"https:\/\/www.praiadocanal.pt\/pt-pt\/alojamento\/"},{"@type":"ListItem","position":3,"name":"Suite com p\u00e1tio exterior"}]},{"@type":"WebSite","@id":"https:\/\/www.praiadocanal.pt\/pt-pt\/#website","url":"https:\/\/www.praiadocanal.pt\/pt-pt\/","name":"Praia Do Canal Nature Retreat","description":"","publisher":{"@id":"https:\/\/www.praiadocanal.pt\/pt-pt\/#organization"},"alternateName":"Praia Do Canal","potentialAction":[{"@type":"SearchAction","target":{"@type":"EntryPoint","urlTemplate":"https:\/\/www.praiadocanal.pt\/pt-pt\/?s={search_term_string}"},"query-input":{"@type":"PropertyValueSpecification","valueRequired":true,"valueName":"search_term_string"}}],"inLanguage":"pt-PT"},{"@type":"Organization","@id":"https:\/\/www.praiadocanal.pt\/pt-pt\/#organization","name":"Praia Do Canal Nature Retreat","url":"https:\/\/www.praiadocanal.pt\/pt-pt\/","logo":{"@type":"ImageObject","inLanguage":"pt-PT","@id":"https:\/\/www.praiadocanal.pt\/pt-pt\/#\/schema\/logo\/image\/","url":"https:\/\/praia-do-canal-staging.ms.decms.eu\/wp-content\/uploads\/sites\/560\/2023\/05\/unnamed.gif","contentUrl":"https:\/\/praia-do-canal-staging.ms.decms.eu\/wp-content\/uploads\/sites\/560\/2023\/05\/unnamed.gif","width":840,"height":840,"caption":"Praia Do Canal Nature Retreat"},"image":{"@id":"https:\/\/www.praiadocanal.pt\/pt-pt\/#\/schema\/logo\/image\/"}}]}},"acf":[],"_links":{"self":[{"href":"https:\/\/www.praiadocanal.pt\/pt-pt\/wp-json\/wp\/v2\/pages\/348","targetHints":{"allow":["GET"]}}],"collection":[{"href":"https:\/\/www.praiadocanal.pt\/pt-pt\/wp-json\/wp\/v2\/pages"}],"about":[{"href":"https:\/\/www.praiadocanal.pt\/pt-pt\/wp-json\/wp\/v2\/types\/page"}],"author":[{"embeddable":true,"href":"https:\/\/www.praiadocanal.pt\/pt-pt\/wp-json\/wp\/v2\/users\/6"}],"replies":[{"embeddable":true,"href":"https:\/\/www.praiadocanal.pt\/pt-pt\/wp-json\/wp\/v2\/comments?post=348"}],"version-history":[{"count":0,"href":"https:\/\/www.praiadocanal.pt\/pt-pt\/wp-json\/wp\/v2\/pages\/348\/revisions"}],"up":[{"embeddable":true,"href":"https:\/\/www.praiadocanal.pt\/pt-pt\/wp-json\/wp\/v2\/pages\/868"}],"wp:featuredmedia":[{"embeddable":true,"href":"https:\/\/www.praiadocanal.pt\/pt-pt\/wp-json\/wp\/v2\/media\/1049"}],"wp:attachment":[{"href":"https:\/\/www.praiadocanal.pt\/pt-pt\/wp-json\/wp\/v2\/media?parent=348"}],"curies":[{"name":"wp","href":"https:\/\/api.w.org\/{rel}","templated":true}]}}